{"id":419,"date":"2022-08-03T19:06:22","date_gmt":"2022-08-03T17:06:22","guid":{"rendered":"https:\/\/shop.matejev.si\/product\/natuerlicher-unterschiedlicher-apfelessig-matejev\/"},"modified":"2022-08-18T16:49:41","modified_gmt":"2022-08-18T14:49:41","slug":"naturlicher-unterschiedlicher-apfelessig-matejev","status":"publish","type":"product","link":"https:\/\/shop.matejev.si\/de\/produkt\/naturlicher-unterschiedlicher-apfelessig-matejev\/","title":{"rendered":"Nat\u00fcrlicher unterschiedlicher apfelessig matejev"},"content":{"rendered":"<p>Matejevs naturtr\u00fcber Apfelessig ist ein hochwertiger Essig hergestellt durch traditionelle nat\u00fcrliche Fermentationsverfahren. Der naturtr\u00fcbe Apfelessig von Matejev hat eine dunklere Farbe und enth\u00e4lt Sedimente, da er nicht gefiltert wird. Indem wir es nicht filtern, bewahren wir mehr Ballaststoffe und andere Mineralien und Mineralien. Er zeichnet sich durch einen satten Fruchtgeschmack, Geradlinigkeit und Heimeligkeit aus. Beim Kochen empfehlen wir es auch zur Herstellung von Cremes, kosmetischen Masken, Kompressen und dergleichen.   <\/p>\n<p>ZUTATEN: Fruchtapfelessig, 5% S\u00e4ure<\/p>\n","protected":false},"excerpt":{"rendered":"<p>Matejevs naturtr\u00fcber Apfelessig ist ein hochwertiger Essig hergestellt durch traditionelle nat\u00fcrliche Fermentationsverfahren.<\/p>\n","protected":false},"featured_media":153,"template":"","meta":[],"product_brand":[],"product_cat":[48],"product_tag":[],"class_list":{"0":"post-419","1":"product","2":"type-product","3":"status-publish","4":"has-post-thumbnail","6":"product_cat-klassisch","8":"first","9":"instock","10":"taxable","11":"shipping-taxable","12":"purchasable","13":"product-type-simple"},"yoast_head":"<!-- This site is optimized with the Yoast SEO plugin v27.2 - https:\/\/yoast.com\/product\/yoast-seo-wordpress\/ -->\n<title>Nat\u00fcrlicher unterschiedlicher apfelessig matejev - Matejev.si Shop<\/title>\n<meta name=\"robots\" content=\"index, follow, max-snippet:-1, max-image-preview:large, max-video-preview:-1\" \/>\n<link rel=\"canonical\" href=\"https:\/\/shop.matejev.si\/de\/produkt\/naturlicher-unterschiedlicher-apfelessig-matejev\/\" \/>\n<meta property=\"og:locale\" content=\"de_DE\" \/>\n<meta property=\"og:type\" content=\"article\" \/>\n<meta property=\"og:title\" content=\"Nat\u00fcrlicher unterschiedlicher apfelessig matejev - Matejev.si Shop\" \/>\n<meta property=\"og:description\" content=\"Matejevs naturtr\u00fcber Apfelessig ist ein hochwertiger Essig hergestellt durch traditionelle nat\u00fcrliche Fermentationsverfahren.\" \/>\n<meta property=\"og:url\" content=\"https:\/\/shop.matejev.si\/de\/produkt\/naturlicher-unterschiedlicher-apfelessig-matejev\/\" \/>\n<meta property=\"og:site_name\" content=\"Matejev.si Shop\" \/>\n<meta property=\"article:modified_time\" content=\"2022-08-18T14:49:41+00:00\" \/>\n<meta property=\"og:image\" content=\"https:\/\/shop.matejev.si\/wp-content\/uploads\/2022\/08\/klasik-motni-jabolcni-1L-min.png\" \/>\n\t<meta property=\"og:image:width\" content=\"960\" \/>\n\t<meta property=\"og:image:height\" content=\"960\" \/>\n\t<meta property=\"og:image:type\" content=\"image\/png\" \/>\n<meta name=\"twitter:card\" content=\"summary_large_image\" \/>\n<script type=\"application\/ld+json\" class=\"yoast-schema-graph\">{\"@context\":\"https:\/\/schema.org\",\"@graph\":[{\"@type\":\"WebPage\",\"@id\":\"https:\/\/shop.matejev.si\/de\/produkt\/naturlicher-unterschiedlicher-apfelessig-matejev\/\",\"url\":\"https:\/\/shop.matejev.si\/de\/produkt\/naturlicher-unterschiedlicher-apfelessig-matejev\/\",\"name\":\"Nat\u00fcrlicher unterschiedlicher apfelessig matejev - Matejev.si Shop\",\"isPartOf\":{\"@id\":\"https:\/\/shop.matejev.si\/de\/#website\"},\"primaryImageOfPage\":{\"@id\":\"https:\/\/shop.matejev.si\/de\/produkt\/naturlicher-unterschiedlicher-apfelessig-matejev\/#primaryimage\"},\"image\":{\"@id\":\"https:\/\/shop.matejev.si\/de\/produkt\/naturlicher-unterschiedlicher-apfelessig-matejev\/#primaryimage\"},\"thumbnailUrl\":\"https:\/\/shop.matejev.si\/wp-content\/uploads\/2022\/08\/klasik-motni-jabolcni-1L-min.png\",\"datePublished\":\"2022-08-03T17:06:22+00:00\",\"dateModified\":\"2022-08-18T14:49:41+00:00\",\"breadcrumb\":{\"@id\":\"https:\/\/shop.matejev.si\/de\/produkt\/naturlicher-unterschiedlicher-apfelessig-matejev\/#breadcrumb\"},\"inLanguage\":\"de\",\"potentialAction\":[{\"@type\":\"ReadAction\",\"target\":[\"https:\/\/shop.matejev.si\/de\/produkt\/naturlicher-unterschiedlicher-apfelessig-matejev\/\"]}]},{\"@type\":\"ImageObject\",\"inLanguage\":\"de\",\"@id\":\"https:\/\/shop.matejev.si\/de\/produkt\/naturlicher-unterschiedlicher-apfelessig-matejev\/#primaryimage\",\"url\":\"https:\/\/shop.matejev.si\/wp-content\/uploads\/2022\/08\/klasik-motni-jabolcni-1L-min.png\",\"contentUrl\":\"https:\/\/shop.matejev.si\/wp-content\/uploads\/2022\/08\/klasik-motni-jabolcni-1L-min.png\",\"width\":960,\"height\":960},{\"@type\":\"BreadcrumbList\",\"@id\":\"https:\/\/shop.matejev.si\/de\/produkt\/naturlicher-unterschiedlicher-apfelessig-matejev\/#breadcrumb\",\"itemListElement\":[{\"@type\":\"ListItem\",\"position\":1,\"name\":\"Home\",\"item\":\"https:\/\/shop.matejev.si\/de\/startseite\/\"},{\"@type\":\"ListItem\",\"position\":2,\"name\":\"Gesch\u00e4ft\",\"item\":\"https:\/\/shop.matejev.si\/geschaeft\/\"},{\"@type\":\"ListItem\",\"position\":3,\"name\":\"Nat\u00fcrlicher unterschiedlicher apfelessig matejev\"}]},{\"@type\":\"WebSite\",\"@id\":\"https:\/\/shop.matejev.si\/de\/#website\",\"url\":\"https:\/\/shop.matejev.si\/de\/\",\"name\":\"Matejev.si Shop\",\"description\":\"Kisi slovenske proizvodnje\",\"publisher\":{\"@id\":\"https:\/\/shop.matejev.si\/de\/#organization\"},\"potentialAction\":[{\"@type\":\"SearchAction\",\"target\":{\"@type\":\"EntryPoint\",\"urlTemplate\":\"https:\/\/shop.matejev.si\/de\/?s={search_term_string}\"},\"query-input\":{\"@type\":\"PropertyValueSpecification\",\"valueRequired\":true,\"valueName\":\"search_term_string\"}}],\"inLanguage\":\"de\"},{\"@type\":\"Organization\",\"@id\":\"https:\/\/shop.matejev.si\/de\/#organization\",\"name\":\"Matejev.si Shop\",\"url\":\"https:\/\/shop.matejev.si\/de\/\",\"logo\":{\"@type\":\"ImageObject\",\"inLanguage\":\"de\",\"@id\":\"https:\/\/shop.matejev.si\/de\/#\/schema\/logo\/image\/\",\"url\":\"https:\/\/shop.matejev.si\/wp-content\/uploads\/2022\/07\/logotip-MATEJEV1-1.png\",\"contentUrl\":\"https:\/\/shop.matejev.si\/wp-content\/uploads\/2022\/07\/logotip-MATEJEV1-1.png\",\"width\":192,\"height\":110,\"caption\":\"Matejev.si Shop\"},\"image\":{\"@id\":\"https:\/\/shop.matejev.si\/de\/#\/schema\/logo\/image\/\"}}]}<\/script>\n<!-- \/ Yoast SEO plugin. -->","yoast_head_json":{"title":"Nat\u00fcrlicher unterschiedlicher apfelessig matejev - Matejev.si Shop","robots":{"index":"index","follow":"follow","max-snippet":"max-snippet:-1","max-image-preview":"max-image-preview:large","max-video-preview":"max-video-preview:-1"},"canonical":"https:\/\/shop.matejev.si\/de\/produkt\/naturlicher-unterschiedlicher-apfelessig-matejev\/","og_locale":"de_DE","og_type":"article","og_title":"Nat\u00fcrlicher unterschiedlicher apfelessig matejev - Matejev.si Shop","og_description":"Matejevs naturtr\u00fcber Apfelessig ist ein hochwertiger Essig hergestellt durch traditionelle nat\u00fcrliche Fermentationsverfahren.","og_url":"https:\/\/shop.matejev.si\/de\/produkt\/naturlicher-unterschiedlicher-apfelessig-matejev\/","og_site_name":"Matejev.si Shop","article_modified_time":"2022-08-18T14:49:41+00:00","og_image":[{"width":960,"height":960,"url":"https:\/\/shop.matejev.si\/wp-content\/uploads\/2022\/08\/klasik-motni-jabolcni-1L-min.png","type":"image\/png"}],"twitter_card":"summary_large_image","schema":{"@context":"https:\/\/schema.org","@graph":[{"@type":"WebPage","@id":"https:\/\/shop.matejev.si\/de\/produkt\/naturlicher-unterschiedlicher-apfelessig-matejev\/","url":"https:\/\/shop.matejev.si\/de\/produkt\/naturlicher-unterschiedlicher-apfelessig-matejev\/","name":"Nat\u00fcrlicher unterschiedlicher apfelessig matejev - Matejev.si Shop","isPartOf":{"@id":"https:\/\/shop.matejev.si\/de\/#website"},"primaryImageOfPage":{"@id":"https:\/\/shop.matejev.si\/de\/produkt\/naturlicher-unterschiedlicher-apfelessig-matejev\/#primaryimage"},"image":{"@id":"https:\/\/shop.matejev.si\/de\/produkt\/naturlicher-unterschiedlicher-apfelessig-matejev\/#primaryimage"},"thumbnailUrl":"https:\/\/shop.matejev.si\/wp-content\/uploads\/2022\/08\/klasik-motni-jabolcni-1L-min.png","datePublished":"2022-08-03T17:06:22+00:00","dateModified":"2022-08-18T14:49:41+00:00","breadcrumb":{"@id":"https:\/\/shop.matejev.si\/de\/produkt\/naturlicher-unterschiedlicher-apfelessig-matejev\/#breadcrumb"},"inLanguage":"de","potentialAction":[{"@type":"ReadAction","target":["https:\/\/shop.matejev.si\/de\/produkt\/naturlicher-unterschiedlicher-apfelessig-matejev\/"]}]},{"@type":"ImageObject","inLanguage":"de","@id":"https:\/\/shop.matejev.si\/de\/produkt\/naturlicher-unterschiedlicher-apfelessig-matejev\/#primaryimage","url":"https:\/\/shop.matejev.si\/wp-content\/uploads\/2022\/08\/klasik-motni-jabolcni-1L-min.png","contentUrl":"https:\/\/shop.matejev.si\/wp-content\/uploads\/2022\/08\/klasik-motni-jabolcni-1L-min.png","width":960,"height":960},{"@type":"BreadcrumbList","@id":"https:\/\/shop.matejev.si\/de\/produkt\/naturlicher-unterschiedlicher-apfelessig-matejev\/#breadcrumb","itemListElement":[{"@type":"ListItem","position":1,"name":"Home","item":"https:\/\/shop.matejev.si\/de\/startseite\/"},{"@type":"ListItem","position":2,"name":"Gesch\u00e4ft","item":"https:\/\/shop.matejev.si\/geschaeft\/"},{"@type":"ListItem","position":3,"name":"Nat\u00fcrlicher unterschiedlicher apfelessig matejev"}]},{"@type":"WebSite","@id":"https:\/\/shop.matejev.si\/de\/#website","url":"https:\/\/shop.matejev.si\/de\/","name":"Matejev.si Shop","description":"Kisi slovenske proizvodnje","publisher":{"@id":"https:\/\/shop.matejev.si\/de\/#organization"},"potentialAction":[{"@type":"SearchAction","target":{"@type":"EntryPoint","urlTemplate":"https:\/\/shop.matejev.si\/de\/?s={search_term_string}"},"query-input":{"@type":"PropertyValueSpecification","valueRequired":true,"valueName":"search_term_string"}}],"inLanguage":"de"},{"@type":"Organization","@id":"https:\/\/shop.matejev.si\/de\/#organization","name":"Matejev.si Shop","url":"https:\/\/shop.matejev.si\/de\/","logo":{"@type":"ImageObject","inLanguage":"de","@id":"https:\/\/shop.matejev.si\/de\/#\/schema\/logo\/image\/","url":"https:\/\/shop.matejev.si\/wp-content\/uploads\/2022\/07\/logotip-MATEJEV1-1.png","contentUrl":"https:\/\/shop.matejev.si\/wp-content\/uploads\/2022\/07\/logotip-MATEJEV1-1.png","width":192,"height":110,"caption":"Matejev.si Shop"},"image":{"@id":"https:\/\/shop.matejev.si\/de\/#\/schema\/logo\/image\/"}}]}},"_links":{"self":[{"href":"https:\/\/shop.matejev.si\/de\/wp-json\/wp\/v2\/product\/419","targetHints":{"allow":["GET"]}}],"collection":[{"href":"https:\/\/shop.matejev.si\/de\/wp-json\/wp\/v2\/product"}],"about":[{"href":"https:\/\/shop.matejev.si\/de\/wp-json\/wp\/v2\/types\/product"}],"wp:featuredmedia":[{"embeddable":true,"href":"https:\/\/shop.matejev.si\/de\/wp-json\/wp\/v2\/media\/153"}],"wp:attachment":[{"href":"https:\/\/shop.matejev.si\/de\/wp-json\/wp\/v2\/media?parent=419"}],"wp:term":[{"taxonomy":"product_brand","embeddable":true,"href":"https:\/\/shop.matejev.si\/de\/wp-json\/wp\/v2\/product_brand?post=419"},{"taxonomy":"product_cat","embeddable":true,"href":"https:\/\/shop.matejev.si\/de\/wp-json\/wp\/v2\/product_cat?post=419"},{"taxonomy":"product_tag","embeddable":true,"href":"https:\/\/shop.matejev.si\/de\/wp-json\/wp\/v2\/product_tag?post=419"}],"curies":[{"name":"wp","href":"https:\/\/api.w.org\/{rel}","templated":true}]}}