{"id":438,"date":"2022-08-03T19:03:58","date_gmt":"2022-08-03T17:03:58","guid":{"rendered":"https:\/\/shop.matejev.si\/product\/natuerlich-verduennter-mutterrebenessig-matejev\/"},"modified":"2022-08-03T19:03:58","modified_gmt":"2022-08-03T17:03:58","slug":"naturlich-verdunnter-mutterrebenessig-matejev","status":"publish","type":"product","link":"https:\/\/shop.matejev.si\/de\/produkt\/naturlich-verdunnter-mutterrebenessig-matejev\/","title":{"rendered":"Nat\u00fcrlich verd\u00fcnnter mutterrebenessig matejev"},"content":{"rendered":"<p>Der nat\u00fcrlich verd\u00fcnnte tr\u00fcbe Weinessig von Matejev wird aus hochwertigen roten Rebsorten hergestellt. Es ist ungefiltert und wird durch einen nat\u00fcrlichen traditionellen biologischen Fermentationsprozess gewonnen, der in speziellen Weinf\u00e4ssern stattfindet. Der nat\u00fcrlich verd\u00fcnnte tr\u00fcbe Weinessig von Matejev ist genau richtig verd\u00fcnnt, damit er nicht zu aggressiv ist. Essig wird zudem nicht pasteurisiert, sodass alle nat\u00fcrlichen Inhaltsstoffe erhalten bleiben. Indem wir es nicht filtern, bewahren wir mehr Ballaststoffe und andere Mineralien und Mineralien.    <\/p>\n<p>Es wird am h\u00e4ufigsten zum W\u00fcrzen von Salaten und anderen Gerichten verwendet. Mit dem so zubereiteten Essig schaffen wir Qualit\u00e4t, hervorragenden Geschmack, Geradlinigkeit und Wohnlichkeit.<\/p>\n<p>ZUTATEN: Weinessig, 4% S\u00e4ure<\/p>\n","protected":false},"excerpt":{"rendered":"<p>Der nat\u00fcrlich verd\u00fcnnte tr\u00fcbe Weinessig von Matejev wird aus hochwertigen roten Rebsorten hergestellt. Es ist ungefiltert und wird durch einen nat\u00fcrlichen traditionellen biologischen Fermentationsprozess gewonnen, der in speziellen Weinf\u00e4ssern stattfindet.<\/p>\n","protected":false},"featured_media":160,"template":"","meta":[],"product_brand":[],"product_cat":[48],"product_tag":[],"class_list":{"0":"post-438","1":"product","2":"type-product","3":"status-publish","4":"has-post-thumbnail","6":"product_cat-klassisch","8":"first","9":"outofstock","10":"taxable","11":"shipping-taxable","12":"purchasable","13":"product-type-simple"},"yoast_head":"<!-- This site is optimized with the Yoast SEO plugin v27.2 - https:\/\/yoast.com\/product\/yoast-seo-wordpress\/ -->\n<title>Nat\u00fcrlich verd\u00fcnnter mutterrebenessig matejev - Matejev.si Shop<\/title>\n<meta name=\"robots\" content=\"index, follow, max-snippet:-1, max-image-preview:large, max-video-preview:-1\" \/>\n<link rel=\"canonical\" href=\"https:\/\/shop.matejev.si\/de\/produkt\/naturlich-verdunnter-mutterrebenessig-matejev\/\" \/>\n<meta property=\"og:locale\" content=\"de_DE\" \/>\n<meta property=\"og:type\" content=\"article\" \/>\n<meta property=\"og:title\" content=\"Nat\u00fcrlich verd\u00fcnnter mutterrebenessig matejev - Matejev.si Shop\" \/>\n<meta property=\"og:description\" content=\"Der nat\u00fcrlich verd\u00fcnnte tr\u00fcbe Weinessig von Matejev wird aus hochwertigen roten Rebsorten hergestellt. Es ist ungefiltert und wird durch einen nat\u00fcrlichen traditionellen biologischen Fermentationsprozess gewonnen, der in speziellen Weinf\u00e4ssern stattfindet.\" \/>\n<meta property=\"og:url\" content=\"https:\/\/shop.matejev.si\/de\/produkt\/naturlich-verdunnter-mutterrebenessig-matejev\/\" \/>\n<meta property=\"og:site_name\" content=\"Matejev.si Shop\" \/>\n<meta property=\"og:image\" content=\"https:\/\/shop.matejev.si\/wp-content\/uploads\/2022\/08\/naravni-motni-vinski-2-min.png\" \/>\n\t<meta property=\"og:image:width\" content=\"960\" \/>\n\t<meta property=\"og:image:height\" content=\"960\" \/>\n\t<meta property=\"og:image:type\" content=\"image\/png\" \/>\n<meta name=\"twitter:card\" content=\"summary_large_image\" \/>\n<meta name=\"twitter:label1\" content=\"Gesch\u00e4tzte Lesezeit\" \/>\n\t<meta name=\"twitter:data1\" content=\"1\u00a0Minute\" \/>\n<script type=\"application\/ld+json\" class=\"yoast-schema-graph\">{\"@context\":\"https:\/\/schema.org\",\"@graph\":[{\"@type\":\"WebPage\",\"@id\":\"https:\/\/shop.matejev.si\/de\/produkt\/naturlich-verdunnter-mutterrebenessig-matejev\/\",\"url\":\"https:\/\/shop.matejev.si\/de\/produkt\/naturlich-verdunnter-mutterrebenessig-matejev\/\",\"name\":\"Nat\u00fcrlich verd\u00fcnnter mutterrebenessig matejev - Matejev.si Shop\",\"isPartOf\":{\"@id\":\"https:\/\/shop.matejev.si\/de\/#website\"},\"primaryImageOfPage\":{\"@id\":\"https:\/\/shop.matejev.si\/de\/produkt\/naturlich-verdunnter-mutterrebenessig-matejev\/#primaryimage\"},\"image\":{\"@id\":\"https:\/\/shop.matejev.si\/de\/produkt\/naturlich-verdunnter-mutterrebenessig-matejev\/#primaryimage\"},\"thumbnailUrl\":\"https:\/\/shop.matejev.si\/wp-content\/uploads\/2022\/08\/naravni-motni-vinski-2-min.png\",\"datePublished\":\"2022-08-03T17:03:58+00:00\",\"breadcrumb\":{\"@id\":\"https:\/\/shop.matejev.si\/de\/produkt\/naturlich-verdunnter-mutterrebenessig-matejev\/#breadcrumb\"},\"inLanguage\":\"de\",\"potentialAction\":[{\"@type\":\"ReadAction\",\"target\":[\"https:\/\/shop.matejev.si\/de\/produkt\/naturlich-verdunnter-mutterrebenessig-matejev\/\"]}]},{\"@type\":\"ImageObject\",\"inLanguage\":\"de\",\"@id\":\"https:\/\/shop.matejev.si\/de\/produkt\/naturlich-verdunnter-mutterrebenessig-matejev\/#primaryimage\",\"url\":\"https:\/\/shop.matejev.si\/wp-content\/uploads\/2022\/08\/naravni-motni-vinski-2-min.png\",\"contentUrl\":\"https:\/\/shop.matejev.si\/wp-content\/uploads\/2022\/08\/naravni-motni-vinski-2-min.png\",\"width\":960,\"height\":960},{\"@type\":\"BreadcrumbList\",\"@id\":\"https:\/\/shop.matejev.si\/de\/produkt\/naturlich-verdunnter-mutterrebenessig-matejev\/#breadcrumb\",\"itemListElement\":[{\"@type\":\"ListItem\",\"position\":1,\"name\":\"Home\",\"item\":\"https:\/\/shop.matejev.si\/de\/startseite\/\"},{\"@type\":\"ListItem\",\"position\":2,\"name\":\"Gesch\u00e4ft\",\"item\":\"https:\/\/shop.matejev.si\/geschaeft\/\"},{\"@type\":\"ListItem\",\"position\":3,\"name\":\"Nat\u00fcrlich verd\u00fcnnter mutterrebenessig matejev\"}]},{\"@type\":\"WebSite\",\"@id\":\"https:\/\/shop.matejev.si\/de\/#website\",\"url\":\"https:\/\/shop.matejev.si\/de\/\",\"name\":\"Matejev.si Shop\",\"description\":\"Kisi slovenske proizvodnje\",\"publisher\":{\"@id\":\"https:\/\/shop.matejev.si\/de\/#organization\"},\"potentialAction\":[{\"@type\":\"SearchAction\",\"target\":{\"@type\":\"EntryPoint\",\"urlTemplate\":\"https:\/\/shop.matejev.si\/de\/?s={search_term_string}\"},\"query-input\":{\"@type\":\"PropertyValueSpecification\",\"valueRequired\":true,\"valueName\":\"search_term_string\"}}],\"inLanguage\":\"de\"},{\"@type\":\"Organization\",\"@id\":\"https:\/\/shop.matejev.si\/de\/#organization\",\"name\":\"Matejev.si Shop\",\"url\":\"https:\/\/shop.matejev.si\/de\/\",\"logo\":{\"@type\":\"ImageObject\",\"inLanguage\":\"de\",\"@id\":\"https:\/\/shop.matejev.si\/de\/#\/schema\/logo\/image\/\",\"url\":\"https:\/\/shop.matejev.si\/wp-content\/uploads\/2022\/07\/logotip-MATEJEV1-1.png\",\"contentUrl\":\"https:\/\/shop.matejev.si\/wp-content\/uploads\/2022\/07\/logotip-MATEJEV1-1.png\",\"width\":192,\"height\":110,\"caption\":\"Matejev.si Shop\"},\"image\":{\"@id\":\"https:\/\/shop.matejev.si\/de\/#\/schema\/logo\/image\/\"}}]}<\/script>\n<!-- \/ Yoast SEO plugin. -->","yoast_head_json":{"title":"Nat\u00fcrlich verd\u00fcnnter mutterrebenessig matejev - Matejev.si Shop","robots":{"index":"index","follow":"follow","max-snippet":"max-snippet:-1","max-image-preview":"max-image-preview:large","max-video-preview":"max-video-preview:-1"},"canonical":"https:\/\/shop.matejev.si\/de\/produkt\/naturlich-verdunnter-mutterrebenessig-matejev\/","og_locale":"de_DE","og_type":"article","og_title":"Nat\u00fcrlich verd\u00fcnnter mutterrebenessig matejev - Matejev.si Shop","og_description":"Der nat\u00fcrlich verd\u00fcnnte tr\u00fcbe Weinessig von Matejev wird aus hochwertigen roten Rebsorten hergestellt. Es ist ungefiltert und wird durch einen nat\u00fcrlichen traditionellen biologischen Fermentationsprozess gewonnen, der in speziellen Weinf\u00e4ssern stattfindet.","og_url":"https:\/\/shop.matejev.si\/de\/produkt\/naturlich-verdunnter-mutterrebenessig-matejev\/","og_site_name":"Matejev.si Shop","og_image":[{"width":960,"height":960,"url":"https:\/\/shop.matejev.si\/wp-content\/uploads\/2022\/08\/naravni-motni-vinski-2-min.png","type":"image\/png"}],"twitter_card":"summary_large_image","twitter_misc":{"Gesch\u00e4tzte Lesezeit":"1\u00a0Minute"},"schema":{"@context":"https:\/\/schema.org","@graph":[{"@type":"WebPage","@id":"https:\/\/shop.matejev.si\/de\/produkt\/naturlich-verdunnter-mutterrebenessig-matejev\/","url":"https:\/\/shop.matejev.si\/de\/produkt\/naturlich-verdunnter-mutterrebenessig-matejev\/","name":"Nat\u00fcrlich verd\u00fcnnter mutterrebenessig matejev - Matejev.si Shop","isPartOf":{"@id":"https:\/\/shop.matejev.si\/de\/#website"},"primaryImageOfPage":{"@id":"https:\/\/shop.matejev.si\/de\/produkt\/naturlich-verdunnter-mutterrebenessig-matejev\/#primaryimage"},"image":{"@id":"https:\/\/shop.matejev.si\/de\/produkt\/naturlich-verdunnter-mutterrebenessig-matejev\/#primaryimage"},"thumbnailUrl":"https:\/\/shop.matejev.si\/wp-content\/uploads\/2022\/08\/naravni-motni-vinski-2-min.png","datePublished":"2022-08-03T17:03:58+00:00","breadcrumb":{"@id":"https:\/\/shop.matejev.si\/de\/produkt\/naturlich-verdunnter-mutterrebenessig-matejev\/#breadcrumb"},"inLanguage":"de","potentialAction":[{"@type":"ReadAction","target":["https:\/\/shop.matejev.si\/de\/produkt\/naturlich-verdunnter-mutterrebenessig-matejev\/"]}]},{"@type":"ImageObject","inLanguage":"de","@id":"https:\/\/shop.matejev.si\/de\/produkt\/naturlich-verdunnter-mutterrebenessig-matejev\/#primaryimage","url":"https:\/\/shop.matejev.si\/wp-content\/uploads\/2022\/08\/naravni-motni-vinski-2-min.png","contentUrl":"https:\/\/shop.matejev.si\/wp-content\/uploads\/2022\/08\/naravni-motni-vinski-2-min.png","width":960,"height":960},{"@type":"BreadcrumbList","@id":"https:\/\/shop.matejev.si\/de\/produkt\/naturlich-verdunnter-mutterrebenessig-matejev\/#breadcrumb","itemListElement":[{"@type":"ListItem","position":1,"name":"Home","item":"https:\/\/shop.matejev.si\/de\/startseite\/"},{"@type":"ListItem","position":2,"name":"Gesch\u00e4ft","item":"https:\/\/shop.matejev.si\/geschaeft\/"},{"@type":"ListItem","position":3,"name":"Nat\u00fcrlich verd\u00fcnnter mutterrebenessig matejev"}]},{"@type":"WebSite","@id":"https:\/\/shop.matejev.si\/de\/#website","url":"https:\/\/shop.matejev.si\/de\/","name":"Matejev.si Shop","description":"Kisi slovenske proizvodnje","publisher":{"@id":"https:\/\/shop.matejev.si\/de\/#organization"},"potentialAction":[{"@type":"SearchAction","target":{"@type":"EntryPoint","urlTemplate":"https:\/\/shop.matejev.si\/de\/?s={search_term_string}"},"query-input":{"@type":"PropertyValueSpecification","valueRequired":true,"valueName":"search_term_string"}}],"inLanguage":"de"},{"@type":"Organization","@id":"https:\/\/shop.matejev.si\/de\/#organization","name":"Matejev.si Shop","url":"https:\/\/shop.matejev.si\/de\/","logo":{"@type":"ImageObject","inLanguage":"de","@id":"https:\/\/shop.matejev.si\/de\/#\/schema\/logo\/image\/","url":"https:\/\/shop.matejev.si\/wp-content\/uploads\/2022\/07\/logotip-MATEJEV1-1.png","contentUrl":"https:\/\/shop.matejev.si\/wp-content\/uploads\/2022\/07\/logotip-MATEJEV1-1.png","width":192,"height":110,"caption":"Matejev.si Shop"},"image":{"@id":"https:\/\/shop.matejev.si\/de\/#\/schema\/logo\/image\/"}}]}},"_links":{"self":[{"href":"https:\/\/shop.matejev.si\/de\/wp-json\/wp\/v2\/product\/438","targetHints":{"allow":["GET"]}}],"collection":[{"href":"https:\/\/shop.matejev.si\/de\/wp-json\/wp\/v2\/product"}],"about":[{"href":"https:\/\/shop.matejev.si\/de\/wp-json\/wp\/v2\/types\/product"}],"wp:featuredmedia":[{"embeddable":true,"href":"https:\/\/shop.matejev.si\/de\/wp-json\/wp\/v2\/media\/160"}],"wp:attachment":[{"href":"https:\/\/shop.matejev.si\/de\/wp-json\/wp\/v2\/media?parent=438"}],"wp:term":[{"taxonomy":"product_brand","embeddable":true,"href":"https:\/\/shop.matejev.si\/de\/wp-json\/wp\/v2\/product_brand?post=438"},{"taxonomy":"product_cat","embeddable":true,"href":"https:\/\/shop.matejev.si\/de\/wp-json\/wp\/v2\/product_cat?post=438"},{"taxonomy":"product_tag","embeddable":true,"href":"https:\/\/shop.matejev.si\/de\/wp-json\/wp\/v2\/product_tag?post=438"}],"curies":[{"name":"wp","href":"https:\/\/api.w.org\/{rel}","templated":true}]}}