{"id":441,"date":"2022-08-03T18:58:49","date_gmt":"2022-08-03T16:58:49","guid":{"rendered":"https:\/\/shop.matejev.si\/product\/natuerlicher-misty-apfelessig-matejev-aus-unbespritzenen-steirischen-aepfeln\/"},"modified":"2022-08-03T18:58:49","modified_gmt":"2022-08-03T16:58:49","slug":"naturlicher-misty-apfelessig-matejev-aus-unbespritzenen-steirischen-apfeln","status":"publish","type":"product","link":"https:\/\/shop.matejev.si\/de\/produkt\/naturlicher-misty-apfelessig-matejev-aus-unbespritzenen-steirischen-apfeln\/","title":{"rendered":"Nat\u00fcrlicher misty Apfelessig matejev aus unbespritzenen steirischen \u00c4pfeln"},"content":{"rendered":"<p>Naturtr\u00fcber Apfelessig aus ungespritzten steirischen \u00c4pfeln ist ein klassischer Fruchtessig aus frisch gepressten steirischen \u00c4pfeln. Da er aus ungespritzten \u00c4pfeln regionaler Herkunft angebaut wird, hat Essig als solcher einen hohen Mehrwert. \u00c4pfel haben aufgrund ihrer Herkunft und Herstellungsweise alle wichtigen N\u00e4hrstoffe, Ballaststoffe, Vitamine und Mineralstoffe erhalten, Essig ist zudem ungefiltert.  <\/p>\n<p>Durch die Verwendung von lokal angebauten \u00c4pfeln machen wir die Menschen auf die Bedeutung von lokal angebauten Lebensmitteln aufmerksam und f\u00f6rdern gleichzeitig die lokale landwirtschaftliche Aktivit\u00e4t.<\/p>\n<p>Beim Kochen kann Essig auch in verschiedenen Getr\u00e4nken und f\u00fcr kosmetische Zwecke (Kompressen, kosmetische Masken, Cremes, \u2026) verwendet werden.<\/p>\n<p>&nbsp;<\/p>\n<p>ZUTATEN: Fruchtapfelessig, 5% S\u00e4ure<\/p>\n","protected":false},"excerpt":{"rendered":"<p>Naturtr\u00fcber Apfelessig aus ungespritzten steirischen \u00c4pfeln ist ein klassischer Fruchtessig aus frisch gepressten steirischen \u00c4pfeln. Da er aus ungespritzten \u00c4pfeln regionaler Herkunft angebaut wird, hat Essig als solcher einen hohen Mehrwert.<\/p>\n","protected":false},"featured_media":264,"template":"","meta":[],"product_brand":[],"product_cat":[48],"product_tag":[],"class_list":{"0":"post-441","1":"product","2":"type-product","3":"status-publish","4":"has-post-thumbnail","6":"product_cat-klassisch","8":"first","9":"instock","10":"taxable","11":"shipping-taxable","12":"purchasable","13":"product-type-simple"},"yoast_head":"<!-- This site is optimized with the Yoast SEO plugin v27.2 - https:\/\/yoast.com\/product\/yoast-seo-wordpress\/ -->\n<title>Nat\u00fcrlicher misty Apfelessig matejev aus unbespritzenen steirischen \u00c4pfeln - Matejev.si Shop<\/title>\n<meta name=\"robots\" content=\"index, follow, max-snippet:-1, max-image-preview:large, max-video-preview:-1\" \/>\n<link rel=\"canonical\" href=\"https:\/\/shop.matejev.si\/de\/produkt\/naturlicher-misty-apfelessig-matejev-aus-unbespritzenen-steirischen-apfeln\/\" \/>\n<meta property=\"og:locale\" content=\"de_DE\" \/>\n<meta property=\"og:type\" content=\"article\" \/>\n<meta property=\"og:title\" content=\"Nat\u00fcrlicher misty Apfelessig matejev aus unbespritzenen steirischen \u00c4pfeln - Matejev.si Shop\" \/>\n<meta property=\"og:description\" content=\"Naturtr\u00fcber Apfelessig aus ungespritzten steirischen \u00c4pfeln ist ein klassischer Fruchtessig aus frisch gepressten steirischen \u00c4pfeln. Da er aus ungespritzten \u00c4pfeln regionaler Herkunft angebaut wird, hat Essig als solcher einen hohen Mehrwert.\" \/>\n<meta property=\"og:url\" content=\"https:\/\/shop.matejev.si\/de\/produkt\/naturlicher-misty-apfelessig-matejev-aus-unbespritzenen-steirischen-apfeln\/\" \/>\n<meta property=\"og:site_name\" content=\"Matejev.si Shop\" \/>\n<meta property=\"og:image\" content=\"https:\/\/shop.matejev.si\/wp-content\/uploads\/2022\/08\/naravni-motni-jabolcni-mockup_960-removebg-preview.png\" \/>\n\t<meta property=\"og:image:width\" content=\"500\" \/>\n\t<meta property=\"og:image:height\" content=\"500\" \/>\n\t<meta property=\"og:image:type\" content=\"image\/png\" \/>\n<meta name=\"twitter:card\" content=\"summary_large_image\" \/>\n<meta name=\"twitter:label1\" content=\"Gesch\u00e4tzte Lesezeit\" \/>\n\t<meta name=\"twitter:data1\" content=\"1\u00a0Minute\" \/>\n<script type=\"application\/ld+json\" class=\"yoast-schema-graph\">{\"@context\":\"https:\/\/schema.org\",\"@graph\":[{\"@type\":\"WebPage\",\"@id\":\"https:\/\/shop.matejev.si\/de\/produkt\/naturlicher-misty-apfelessig-matejev-aus-unbespritzenen-steirischen-apfeln\/\",\"url\":\"https:\/\/shop.matejev.si\/de\/produkt\/naturlicher-misty-apfelessig-matejev-aus-unbespritzenen-steirischen-apfeln\/\",\"name\":\"Nat\u00fcrlicher misty Apfelessig matejev aus unbespritzenen steirischen \u00c4pfeln - Matejev.si Shop\",\"isPartOf\":{\"@id\":\"https:\/\/shop.matejev.si\/de\/#website\"},\"primaryImageOfPage\":{\"@id\":\"https:\/\/shop.matejev.si\/de\/produkt\/naturlicher-misty-apfelessig-matejev-aus-unbespritzenen-steirischen-apfeln\/#primaryimage\"},\"image\":{\"@id\":\"https:\/\/shop.matejev.si\/de\/produkt\/naturlicher-misty-apfelessig-matejev-aus-unbespritzenen-steirischen-apfeln\/#primaryimage\"},\"thumbnailUrl\":\"https:\/\/shop.matejev.si\/wp-content\/uploads\/2022\/08\/naravni-motni-jabolcni-mockup_960-removebg-preview.png\",\"datePublished\":\"2022-08-03T16:58:49+00:00\",\"breadcrumb\":{\"@id\":\"https:\/\/shop.matejev.si\/de\/produkt\/naturlicher-misty-apfelessig-matejev-aus-unbespritzenen-steirischen-apfeln\/#breadcrumb\"},\"inLanguage\":\"de\",\"potentialAction\":[{\"@type\":\"ReadAction\",\"target\":[\"https:\/\/shop.matejev.si\/de\/produkt\/naturlicher-misty-apfelessig-matejev-aus-unbespritzenen-steirischen-apfeln\/\"]}]},{\"@type\":\"ImageObject\",\"inLanguage\":\"de\",\"@id\":\"https:\/\/shop.matejev.si\/de\/produkt\/naturlicher-misty-apfelessig-matejev-aus-unbespritzenen-steirischen-apfeln\/#primaryimage\",\"url\":\"https:\/\/shop.matejev.si\/wp-content\/uploads\/2022\/08\/naravni-motni-jabolcni-mockup_960-removebg-preview.png\",\"contentUrl\":\"https:\/\/shop.matejev.si\/wp-content\/uploads\/2022\/08\/naravni-motni-jabolcni-mockup_960-removebg-preview.png\",\"width\":500,\"height\":500},{\"@type\":\"BreadcrumbList\",\"@id\":\"https:\/\/shop.matejev.si\/de\/produkt\/naturlicher-misty-apfelessig-matejev-aus-unbespritzenen-steirischen-apfeln\/#breadcrumb\",\"itemListElement\":[{\"@type\":\"ListItem\",\"position\":1,\"name\":\"Home\",\"item\":\"https:\/\/shop.matejev.si\/de\/startseite\/\"},{\"@type\":\"ListItem\",\"position\":2,\"name\":\"Gesch\u00e4ft\",\"item\":\"https:\/\/shop.matejev.si\/geschaeft\/\"},{\"@type\":\"ListItem\",\"position\":3,\"name\":\"Nat\u00fcrlicher misty Apfelessig matejev aus unbespritzenen steirischen \u00c4pfeln\"}]},{\"@type\":\"WebSite\",\"@id\":\"https:\/\/shop.matejev.si\/de\/#website\",\"url\":\"https:\/\/shop.matejev.si\/de\/\",\"name\":\"Matejev.si Shop\",\"description\":\"Kisi slovenske proizvodnje\",\"publisher\":{\"@id\":\"https:\/\/shop.matejev.si\/de\/#organization\"},\"potentialAction\":[{\"@type\":\"SearchAction\",\"target\":{\"@type\":\"EntryPoint\",\"urlTemplate\":\"https:\/\/shop.matejev.si\/de\/?s={search_term_string}\"},\"query-input\":{\"@type\":\"PropertyValueSpecification\",\"valueRequired\":true,\"valueName\":\"search_term_string\"}}],\"inLanguage\":\"de\"},{\"@type\":\"Organization\",\"@id\":\"https:\/\/shop.matejev.si\/de\/#organization\",\"name\":\"Matejev.si Shop\",\"url\":\"https:\/\/shop.matejev.si\/de\/\",\"logo\":{\"@type\":\"ImageObject\",\"inLanguage\":\"de\",\"@id\":\"https:\/\/shop.matejev.si\/de\/#\/schema\/logo\/image\/\",\"url\":\"https:\/\/shop.matejev.si\/wp-content\/uploads\/2022\/07\/logotip-MATEJEV1-1.png\",\"contentUrl\":\"https:\/\/shop.matejev.si\/wp-content\/uploads\/2022\/07\/logotip-MATEJEV1-1.png\",\"width\":192,\"height\":110,\"caption\":\"Matejev.si Shop\"},\"image\":{\"@id\":\"https:\/\/shop.matejev.si\/de\/#\/schema\/logo\/image\/\"}}]}<\/script>\n<!-- \/ Yoast SEO plugin. -->","yoast_head_json":{"title":"Nat\u00fcrlicher misty Apfelessig matejev aus unbespritzenen steirischen \u00c4pfeln - Matejev.si Shop","robots":{"index":"index","follow":"follow","max-snippet":"max-snippet:-1","max-image-preview":"max-image-preview:large","max-video-preview":"max-video-preview:-1"},"canonical":"https:\/\/shop.matejev.si\/de\/produkt\/naturlicher-misty-apfelessig-matejev-aus-unbespritzenen-steirischen-apfeln\/","og_locale":"de_DE","og_type":"article","og_title":"Nat\u00fcrlicher misty Apfelessig matejev aus unbespritzenen steirischen \u00c4pfeln - Matejev.si Shop","og_description":"Naturtr\u00fcber Apfelessig aus ungespritzten steirischen \u00c4pfeln ist ein klassischer Fruchtessig aus frisch gepressten steirischen \u00c4pfeln. Da er aus ungespritzten \u00c4pfeln regionaler Herkunft angebaut wird, hat Essig als solcher einen hohen Mehrwert.","og_url":"https:\/\/shop.matejev.si\/de\/produkt\/naturlicher-misty-apfelessig-matejev-aus-unbespritzenen-steirischen-apfeln\/","og_site_name":"Matejev.si Shop","og_image":[{"width":500,"height":500,"url":"https:\/\/shop.matejev.si\/wp-content\/uploads\/2022\/08\/naravni-motni-jabolcni-mockup_960-removebg-preview.png","type":"image\/png"}],"twitter_card":"summary_large_image","twitter_misc":{"Gesch\u00e4tzte Lesezeit":"1\u00a0Minute"},"schema":{"@context":"https:\/\/schema.org","@graph":[{"@type":"WebPage","@id":"https:\/\/shop.matejev.si\/de\/produkt\/naturlicher-misty-apfelessig-matejev-aus-unbespritzenen-steirischen-apfeln\/","url":"https:\/\/shop.matejev.si\/de\/produkt\/naturlicher-misty-apfelessig-matejev-aus-unbespritzenen-steirischen-apfeln\/","name":"Nat\u00fcrlicher misty Apfelessig matejev aus unbespritzenen steirischen \u00c4pfeln - Matejev.si Shop","isPartOf":{"@id":"https:\/\/shop.matejev.si\/de\/#website"},"primaryImageOfPage":{"@id":"https:\/\/shop.matejev.si\/de\/produkt\/naturlicher-misty-apfelessig-matejev-aus-unbespritzenen-steirischen-apfeln\/#primaryimage"},"image":{"@id":"https:\/\/shop.matejev.si\/de\/produkt\/naturlicher-misty-apfelessig-matejev-aus-unbespritzenen-steirischen-apfeln\/#primaryimage"},"thumbnailUrl":"https:\/\/shop.matejev.si\/wp-content\/uploads\/2022\/08\/naravni-motni-jabolcni-mockup_960-removebg-preview.png","datePublished":"2022-08-03T16:58:49+00:00","breadcrumb":{"@id":"https:\/\/shop.matejev.si\/de\/produkt\/naturlicher-misty-apfelessig-matejev-aus-unbespritzenen-steirischen-apfeln\/#breadcrumb"},"inLanguage":"de","potentialAction":[{"@type":"ReadAction","target":["https:\/\/shop.matejev.si\/de\/produkt\/naturlicher-misty-apfelessig-matejev-aus-unbespritzenen-steirischen-apfeln\/"]}]},{"@type":"ImageObject","inLanguage":"de","@id":"https:\/\/shop.matejev.si\/de\/produkt\/naturlicher-misty-apfelessig-matejev-aus-unbespritzenen-steirischen-apfeln\/#primaryimage","url":"https:\/\/shop.matejev.si\/wp-content\/uploads\/2022\/08\/naravni-motni-jabolcni-mockup_960-removebg-preview.png","contentUrl":"https:\/\/shop.matejev.si\/wp-content\/uploads\/2022\/08\/naravni-motni-jabolcni-mockup_960-removebg-preview.png","width":500,"height":500},{"@type":"BreadcrumbList","@id":"https:\/\/shop.matejev.si\/de\/produkt\/naturlicher-misty-apfelessig-matejev-aus-unbespritzenen-steirischen-apfeln\/#breadcrumb","itemListElement":[{"@type":"ListItem","position":1,"name":"Home","item":"https:\/\/shop.matejev.si\/de\/startseite\/"},{"@type":"ListItem","position":2,"name":"Gesch\u00e4ft","item":"https:\/\/shop.matejev.si\/geschaeft\/"},{"@type":"ListItem","position":3,"name":"Nat\u00fcrlicher misty Apfelessig matejev aus unbespritzenen steirischen \u00c4pfeln"}]},{"@type":"WebSite","@id":"https:\/\/shop.matejev.si\/de\/#website","url":"https:\/\/shop.matejev.si\/de\/","name":"Matejev.si Shop","description":"Kisi slovenske proizvodnje","publisher":{"@id":"https:\/\/shop.matejev.si\/de\/#organization"},"potentialAction":[{"@type":"SearchAction","target":{"@type":"EntryPoint","urlTemplate":"https:\/\/shop.matejev.si\/de\/?s={search_term_string}"},"query-input":{"@type":"PropertyValueSpecification","valueRequired":true,"valueName":"search_term_string"}}],"inLanguage":"de"},{"@type":"Organization","@id":"https:\/\/shop.matejev.si\/de\/#organization","name":"Matejev.si Shop","url":"https:\/\/shop.matejev.si\/de\/","logo":{"@type":"ImageObject","inLanguage":"de","@id":"https:\/\/shop.matejev.si\/de\/#\/schema\/logo\/image\/","url":"https:\/\/shop.matejev.si\/wp-content\/uploads\/2022\/07\/logotip-MATEJEV1-1.png","contentUrl":"https:\/\/shop.matejev.si\/wp-content\/uploads\/2022\/07\/logotip-MATEJEV1-1.png","width":192,"height":110,"caption":"Matejev.si Shop"},"image":{"@id":"https:\/\/shop.matejev.si\/de\/#\/schema\/logo\/image\/"}}]}},"_links":{"self":[{"href":"https:\/\/shop.matejev.si\/de\/wp-json\/wp\/v2\/product\/441","targetHints":{"allow":["GET"]}}],"collection":[{"href":"https:\/\/shop.matejev.si\/de\/wp-json\/wp\/v2\/product"}],"about":[{"href":"https:\/\/shop.matejev.si\/de\/wp-json\/wp\/v2\/types\/product"}],"wp:featuredmedia":[{"embeddable":true,"href":"https:\/\/shop.matejev.si\/de\/wp-json\/wp\/v2\/media\/264"}],"wp:attachment":[{"href":"https:\/\/shop.matejev.si\/de\/wp-json\/wp\/v2\/media?parent=441"}],"wp:term":[{"taxonomy":"product_brand","embeddable":true,"href":"https:\/\/shop.matejev.si\/de\/wp-json\/wp\/v2\/product_brand?post=441"},{"taxonomy":"product_cat","embeddable":true,"href":"https:\/\/shop.matejev.si\/de\/wp-json\/wp\/v2\/product_cat?post=441"},{"taxonomy":"product_tag","embeddable":true,"href":"https:\/\/shop.matejev.si\/de\/wp-json\/wp\/v2\/product_tag?post=441"}],"curies":[{"name":"wp","href":"https:\/\/api.w.org\/{rel}","templated":true}]}}