{"id":471,"date":"2022-08-03T19:25:36","date_gmt":"2022-08-03T17:25:36","guid":{"rendered":"https:\/\/shop.matejev.si\/product\/natuerlicher-mutterapfelessig-matejev-mit-coenzym-q10\/"},"modified":"2022-08-03T19:25:36","modified_gmt":"2022-08-03T17:25:36","slug":"naturlicher-mutterapfelessig-matejev-mit-coenzym-q10","status":"publish","type":"product","link":"https:\/\/shop.matejev.si\/de\/produkt\/naturlicher-mutterapfelessig-matejev-mit-coenzym-q10\/","title":{"rendered":"NAT\u00dcRLICHER MUTTERAPFELESSIG MATEJEV MIT COENZYM Q10"},"content":{"rendered":"<p>Der naturtr\u00fcbe Apfelessig von Matejev mit Zusatz von Coenzym Q10 wird aus gepressten \u00c4pfeln mit einem nat\u00fcrlichen biologischen Fermentationsprozess nach traditionellen Methoden mit moderner Technologie hergestellt. Durch die Zugabe von Coenzym Q10 haben wir ein hochwertiges Naturprodukt mit Mehrwert geschaffen, das f\u00fcr alle Anwender bestimmt ist. <\/p>\n<p>Bei Verwendung in der K\u00fcche empfehlen wir es auch zur Herstellung von Kosmetikmasken, Cremekompressen und dergleichen.<\/p>\n<p>ZUTATEN: Fruchtapfelessig, Coenzym Q10, 5 % S\u00e4ure<\/p>\n","protected":false},"excerpt":{"rendered":"<p>Der naturtr\u00fcbe Apfelessig von Matejev mit Zusatz von Coenzym Q10 wird aus gepressten \u00c4pfeln mit einem nat\u00fcrlichen biologischen Fermentationsprozess nach traditionellen Methoden mit moderner Technologie hergestellt.<\/p>\n","protected":false},"featured_media":166,"template":"","meta":[],"product_brand":[],"product_cat":[58],"product_tag":[],"class_list":{"0":"post-471","1":"product","2":"type-product","3":"status-publish","4":"has-post-thumbnail","6":"product_cat-exklusiv","8":"first","9":"outofstock","10":"taxable","11":"shipping-taxable","12":"product-type-simple"},"yoast_head":"<!-- This site is optimized with the Yoast SEO plugin v27.2 - https:\/\/yoast.com\/product\/yoast-seo-wordpress\/ -->\n<title>NAT\u00dcRLICHER MUTTERAPFELESSIG MATEJEV MIT COENZYM Q10 - Matejev.si Shop<\/title>\n<meta name=\"robots\" content=\"index, follow, max-snippet:-1, max-image-preview:large, max-video-preview:-1\" \/>\n<link rel=\"canonical\" href=\"https:\/\/shop.matejev.si\/de\/produkt\/naturlicher-mutterapfelessig-matejev-mit-coenzym-q10\/\" \/>\n<meta property=\"og:locale\" content=\"de_DE\" \/>\n<meta property=\"og:type\" content=\"article\" \/>\n<meta property=\"og:title\" content=\"NAT\u00dcRLICHER MUTTERAPFELESSIG MATEJEV MIT COENZYM Q10 - Matejev.si Shop\" \/>\n<meta property=\"og:description\" content=\"Der naturtr\u00fcbe Apfelessig von Matejev mit Zusatz von Coenzym Q10 wird aus gepressten \u00c4pfeln mit einem nat\u00fcrlichen biologischen Fermentationsprozess nach traditionellen Methoden mit moderner Technologie hergestellt.\" \/>\n<meta property=\"og:url\" content=\"https:\/\/shop.matejev.si\/de\/produkt\/naturlicher-mutterapfelessig-matejev-mit-coenzym-q10\/\" \/>\n<meta property=\"og:site_name\" content=\"Matejev.si Shop\" \/>\n<meta property=\"og:image\" content=\"https:\/\/shop.matejev.si\/wp-content\/uploads\/2022\/08\/exclusive-jabolcni-kis-s-koencimom-Q10-min.png\" \/>\n\t<meta property=\"og:image:width\" content=\"960\" \/>\n\t<meta property=\"og:image:height\" content=\"960\" \/>\n\t<meta property=\"og:image:type\" content=\"image\/png\" \/>\n<meta name=\"twitter:card\" content=\"summary_large_image\" \/>\n<script type=\"application\/ld+json\" class=\"yoast-schema-graph\">{\"@context\":\"https:\/\/schema.org\",\"@graph\":[{\"@type\":\"WebPage\",\"@id\":\"https:\/\/shop.matejev.si\/de\/produkt\/naturlicher-mutterapfelessig-matejev-mit-coenzym-q10\/\",\"url\":\"https:\/\/shop.matejev.si\/de\/produkt\/naturlicher-mutterapfelessig-matejev-mit-coenzym-q10\/\",\"name\":\"NAT\u00dcRLICHER MUTTERAPFELESSIG MATEJEV MIT COENZYM Q10 - Matejev.si Shop\",\"isPartOf\":{\"@id\":\"https:\/\/shop.matejev.si\/de\/#website\"},\"primaryImageOfPage\":{\"@id\":\"https:\/\/shop.matejev.si\/de\/produkt\/naturlicher-mutterapfelessig-matejev-mit-coenzym-q10\/#primaryimage\"},\"image\":{\"@id\":\"https:\/\/shop.matejev.si\/de\/produkt\/naturlicher-mutterapfelessig-matejev-mit-coenzym-q10\/#primaryimage\"},\"thumbnailUrl\":\"https:\/\/shop.matejev.si\/wp-content\/uploads\/2022\/08\/exclusive-jabolcni-kis-s-koencimom-Q10-min.png\",\"datePublished\":\"2022-08-03T17:25:36+00:00\",\"breadcrumb\":{\"@id\":\"https:\/\/shop.matejev.si\/de\/produkt\/naturlicher-mutterapfelessig-matejev-mit-coenzym-q10\/#breadcrumb\"},\"inLanguage\":\"de\",\"potentialAction\":[{\"@type\":\"ReadAction\",\"target\":[\"https:\/\/shop.matejev.si\/de\/produkt\/naturlicher-mutterapfelessig-matejev-mit-coenzym-q10\/\"]}]},{\"@type\":\"ImageObject\",\"inLanguage\":\"de\",\"@id\":\"https:\/\/shop.matejev.si\/de\/produkt\/naturlicher-mutterapfelessig-matejev-mit-coenzym-q10\/#primaryimage\",\"url\":\"https:\/\/shop.matejev.si\/wp-content\/uploads\/2022\/08\/exclusive-jabolcni-kis-s-koencimom-Q10-min.png\",\"contentUrl\":\"https:\/\/shop.matejev.si\/wp-content\/uploads\/2022\/08\/exclusive-jabolcni-kis-s-koencimom-Q10-min.png\",\"width\":960,\"height\":960},{\"@type\":\"BreadcrumbList\",\"@id\":\"https:\/\/shop.matejev.si\/de\/produkt\/naturlicher-mutterapfelessig-matejev-mit-coenzym-q10\/#breadcrumb\",\"itemListElement\":[{\"@type\":\"ListItem\",\"position\":1,\"name\":\"Home\",\"item\":\"https:\/\/shop.matejev.si\/de\/startseite\/\"},{\"@type\":\"ListItem\",\"position\":2,\"name\":\"Gesch\u00e4ft\",\"item\":\"https:\/\/shop.matejev.si\/geschaeft\/\"},{\"@type\":\"ListItem\",\"position\":3,\"name\":\"NAT\u00dcRLICHER MUTTERAPFELESSIG MATEJEV MIT COENZYM Q10\"}]},{\"@type\":\"WebSite\",\"@id\":\"https:\/\/shop.matejev.si\/de\/#website\",\"url\":\"https:\/\/shop.matejev.si\/de\/\",\"name\":\"Matejev.si Shop\",\"description\":\"Kisi slovenske proizvodnje\",\"publisher\":{\"@id\":\"https:\/\/shop.matejev.si\/de\/#organization\"},\"potentialAction\":[{\"@type\":\"SearchAction\",\"target\":{\"@type\":\"EntryPoint\",\"urlTemplate\":\"https:\/\/shop.matejev.si\/de\/?s={search_term_string}\"},\"query-input\":{\"@type\":\"PropertyValueSpecification\",\"valueRequired\":true,\"valueName\":\"search_term_string\"}}],\"inLanguage\":\"de\"},{\"@type\":\"Organization\",\"@id\":\"https:\/\/shop.matejev.si\/de\/#organization\",\"name\":\"Matejev.si Shop\",\"url\":\"https:\/\/shop.matejev.si\/de\/\",\"logo\":{\"@type\":\"ImageObject\",\"inLanguage\":\"de\",\"@id\":\"https:\/\/shop.matejev.si\/de\/#\/schema\/logo\/image\/\",\"url\":\"https:\/\/shop.matejev.si\/wp-content\/uploads\/2022\/07\/logotip-MATEJEV1-1.png\",\"contentUrl\":\"https:\/\/shop.matejev.si\/wp-content\/uploads\/2022\/07\/logotip-MATEJEV1-1.png\",\"width\":192,\"height\":110,\"caption\":\"Matejev.si Shop\"},\"image\":{\"@id\":\"https:\/\/shop.matejev.si\/de\/#\/schema\/logo\/image\/\"}}]}<\/script>\n<!-- \/ Yoast SEO plugin. -->","yoast_head_json":{"title":"NAT\u00dcRLICHER MUTTERAPFELESSIG MATEJEV MIT COENZYM Q10 - Matejev.si Shop","robots":{"index":"index","follow":"follow","max-snippet":"max-snippet:-1","max-image-preview":"max-image-preview:large","max-video-preview":"max-video-preview:-1"},"canonical":"https:\/\/shop.matejev.si\/de\/produkt\/naturlicher-mutterapfelessig-matejev-mit-coenzym-q10\/","og_locale":"de_DE","og_type":"article","og_title":"NAT\u00dcRLICHER MUTTERAPFELESSIG MATEJEV MIT COENZYM Q10 - Matejev.si Shop","og_description":"Der naturtr\u00fcbe Apfelessig von Matejev mit Zusatz von Coenzym Q10 wird aus gepressten \u00c4pfeln mit einem nat\u00fcrlichen biologischen Fermentationsprozess nach traditionellen Methoden mit moderner Technologie hergestellt.","og_url":"https:\/\/shop.matejev.si\/de\/produkt\/naturlicher-mutterapfelessig-matejev-mit-coenzym-q10\/","og_site_name":"Matejev.si Shop","og_image":[{"width":960,"height":960,"url":"https:\/\/shop.matejev.si\/wp-content\/uploads\/2022\/08\/exclusive-jabolcni-kis-s-koencimom-Q10-min.png","type":"image\/png"}],"twitter_card":"summary_large_image","schema":{"@context":"https:\/\/schema.org","@graph":[{"@type":"WebPage","@id":"https:\/\/shop.matejev.si\/de\/produkt\/naturlicher-mutterapfelessig-matejev-mit-coenzym-q10\/","url":"https:\/\/shop.matejev.si\/de\/produkt\/naturlicher-mutterapfelessig-matejev-mit-coenzym-q10\/","name":"NAT\u00dcRLICHER MUTTERAPFELESSIG MATEJEV MIT COENZYM Q10 - Matejev.si Shop","isPartOf":{"@id":"https:\/\/shop.matejev.si\/de\/#website"},"primaryImageOfPage":{"@id":"https:\/\/shop.matejev.si\/de\/produkt\/naturlicher-mutterapfelessig-matejev-mit-coenzym-q10\/#primaryimage"},"image":{"@id":"https:\/\/shop.matejev.si\/de\/produkt\/naturlicher-mutterapfelessig-matejev-mit-coenzym-q10\/#primaryimage"},"thumbnailUrl":"https:\/\/shop.matejev.si\/wp-content\/uploads\/2022\/08\/exclusive-jabolcni-kis-s-koencimom-Q10-min.png","datePublished":"2022-08-03T17:25:36+00:00","breadcrumb":{"@id":"https:\/\/shop.matejev.si\/de\/produkt\/naturlicher-mutterapfelessig-matejev-mit-coenzym-q10\/#breadcrumb"},"inLanguage":"de","potentialAction":[{"@type":"ReadAction","target":["https:\/\/shop.matejev.si\/de\/produkt\/naturlicher-mutterapfelessig-matejev-mit-coenzym-q10\/"]}]},{"@type":"ImageObject","inLanguage":"de","@id":"https:\/\/shop.matejev.si\/de\/produkt\/naturlicher-mutterapfelessig-matejev-mit-coenzym-q10\/#primaryimage","url":"https:\/\/shop.matejev.si\/wp-content\/uploads\/2022\/08\/exclusive-jabolcni-kis-s-koencimom-Q10-min.png","contentUrl":"https:\/\/shop.matejev.si\/wp-content\/uploads\/2022\/08\/exclusive-jabolcni-kis-s-koencimom-Q10-min.png","width":960,"height":960},{"@type":"BreadcrumbList","@id":"https:\/\/shop.matejev.si\/de\/produkt\/naturlicher-mutterapfelessig-matejev-mit-coenzym-q10\/#breadcrumb","itemListElement":[{"@type":"ListItem","position":1,"name":"Home","item":"https:\/\/shop.matejev.si\/de\/startseite\/"},{"@type":"ListItem","position":2,"name":"Gesch\u00e4ft","item":"https:\/\/shop.matejev.si\/geschaeft\/"},{"@type":"ListItem","position":3,"name":"NAT\u00dcRLICHER MUTTERAPFELESSIG MATEJEV MIT COENZYM Q10"}]},{"@type":"WebSite","@id":"https:\/\/shop.matejev.si\/de\/#website","url":"https:\/\/shop.matejev.si\/de\/","name":"Matejev.si Shop","description":"Kisi slovenske proizvodnje","publisher":{"@id":"https:\/\/shop.matejev.si\/de\/#organization"},"potentialAction":[{"@type":"SearchAction","target":{"@type":"EntryPoint","urlTemplate":"https:\/\/shop.matejev.si\/de\/?s={search_term_string}"},"query-input":{"@type":"PropertyValueSpecification","valueRequired":true,"valueName":"search_term_string"}}],"inLanguage":"de"},{"@type":"Organization","@id":"https:\/\/shop.matejev.si\/de\/#organization","name":"Matejev.si Shop","url":"https:\/\/shop.matejev.si\/de\/","logo":{"@type":"ImageObject","inLanguage":"de","@id":"https:\/\/shop.matejev.si\/de\/#\/schema\/logo\/image\/","url":"https:\/\/shop.matejev.si\/wp-content\/uploads\/2022\/07\/logotip-MATEJEV1-1.png","contentUrl":"https:\/\/shop.matejev.si\/wp-content\/uploads\/2022\/07\/logotip-MATEJEV1-1.png","width":192,"height":110,"caption":"Matejev.si Shop"},"image":{"@id":"https:\/\/shop.matejev.si\/de\/#\/schema\/logo\/image\/"}}]}},"_links":{"self":[{"href":"https:\/\/shop.matejev.si\/de\/wp-json\/wp\/v2\/product\/471","targetHints":{"allow":["GET"]}}],"collection":[{"href":"https:\/\/shop.matejev.si\/de\/wp-json\/wp\/v2\/product"}],"about":[{"href":"https:\/\/shop.matejev.si\/de\/wp-json\/wp\/v2\/types\/product"}],"wp:featuredmedia":[{"embeddable":true,"href":"https:\/\/shop.matejev.si\/de\/wp-json\/wp\/v2\/media\/166"}],"wp:attachment":[{"href":"https:\/\/shop.matejev.si\/de\/wp-json\/wp\/v2\/media?parent=471"}],"wp:term":[{"taxonomy":"product_brand","embeddable":true,"href":"https:\/\/shop.matejev.si\/de\/wp-json\/wp\/v2\/product_brand?post=471"},{"taxonomy":"product_cat","embeddable":true,"href":"https:\/\/shop.matejev.si\/de\/wp-json\/wp\/v2\/product_cat?post=471"},{"taxonomy":"product_tag","embeddable":true,"href":"https:\/\/shop.matejev.si\/de\/wp-json\/wp\/v2\/product_tag?post=471"}],"curies":[{"name":"wp","href":"https:\/\/api.w.org\/{rel}","templated":true}]}}