{"id":473,"date":"2022-08-03T19:26:50","date_gmt":"2022-08-03T17:26:50","guid":{"rendered":"https:\/\/shop.matejev.si\/product\/natuerlich-gestoerter-apfelessig-matejev-mit-aronia-und-granatapfel\/"},"modified":"2022-08-03T19:26:50","modified_gmt":"2022-08-03T17:26:50","slug":"naturlich-gestorter-apfelessig-matejev-mit-aronia-und-granatapfel","status":"publish","type":"product","link":"https:\/\/shop.matejev.si\/de\/produkt\/naturlich-gestorter-apfelessig-matejev-mit-aronia-und-granatapfel\/","title":{"rendered":"NAT\u00dcRLICH GEST\u00d6RTER APFELESSIG MATEJEV MIT ARONIA UND GRANATAPFEL"},"content":{"rendered":"<p>Matejevs naturtr\u00fcber Apfelessig mit Aronia und Granatapfel ist ein klassischer Fruchtessig, der nach traditionellen Methoden mit moderner Technologie hergestellt wird. F\u00fcr den naturtr\u00fcben Apfelessig von Matej haben wir eine besondere Kombination aus Apfelbeere und Granatapfel gew\u00e4hlt, die zusammen eine der st\u00e4rksten nat\u00fcrlichen Quellen f\u00fcr Antioxidantien bilden. <\/p>\n<p>Das Produkt ist eine gro\u00dfartige Erg\u00e4nzung zu verschiedenen Gerichten und Salaten und kann auch f\u00fcr kosmetische Zwecke verwendet werden.<\/p>\n<p>ZUTATEN: Fruchtapfelessig, Apfelkonzentrat, Aroniabeerkonzentrat, Granatapfelkonzentrat, Antioxidationsmittel: Kaliummetabisulfit, 5 % S\u00e4ure<\/p>\n","protected":false},"excerpt":{"rendered":"<p>Matejevs naturtr\u00fcber Apfelessig mit Aronia und Granatapfel ist ein klassischer Fruchtessig, der nach traditionellen Methoden mit moderner Technologie hergestellt wird.<\/p>\n","protected":false},"featured_media":169,"template":"","meta":[],"product_brand":[],"product_cat":[58],"product_tag":[],"class_list":{"0":"post-473","1":"product","2":"type-product","3":"status-publish","4":"has-post-thumbnail","6":"product_cat-exklusiv","8":"first","9":"outofstock","10":"taxable","11":"shipping-taxable","12":"product-type-simple"},"yoast_head":"<!-- This site is optimized with the Yoast SEO plugin v27.2 - https:\/\/yoast.com\/product\/yoast-seo-wordpress\/ -->\n<title>NAT\u00dcRLICH GEST\u00d6RTER APFELESSIG MATEJEV MIT ARONIA UND GRANATAPFEL - Matejev.si Shop<\/title>\n<meta name=\"robots\" content=\"index, follow, max-snippet:-1, max-image-preview:large, max-video-preview:-1\" \/>\n<link rel=\"canonical\" href=\"https:\/\/shop.matejev.si\/de\/produkt\/naturlich-gestorter-apfelessig-matejev-mit-aronia-und-granatapfel\/\" \/>\n<meta property=\"og:locale\" content=\"de_DE\" \/>\n<meta property=\"og:type\" content=\"article\" \/>\n<meta property=\"og:title\" content=\"NAT\u00dcRLICH GEST\u00d6RTER APFELESSIG MATEJEV MIT ARONIA UND GRANATAPFEL - Matejev.si Shop\" \/>\n<meta property=\"og:description\" content=\"Matejevs naturtr\u00fcber Apfelessig mit Aronia und Granatapfel ist ein klassischer Fruchtessig, der nach traditionellen Methoden mit moderner Technologie hergestellt wird.\" \/>\n<meta property=\"og:url\" content=\"https:\/\/shop.matejev.si\/de\/produkt\/naturlich-gestorter-apfelessig-matejev-mit-aronia-und-granatapfel\/\" \/>\n<meta property=\"og:site_name\" content=\"Matejev.si Shop\" \/>\n<meta property=\"og:image\" content=\"https:\/\/shop.matejev.si\/wp-content\/uploads\/2022\/08\/exclusive-jabolcni-kis-z-granatnim-min.png\" \/>\n\t<meta property=\"og:image:width\" content=\"960\" \/>\n\t<meta property=\"og:image:height\" content=\"960\" \/>\n\t<meta property=\"og:image:type\" content=\"image\/png\" \/>\n<meta name=\"twitter:card\" content=\"summary_large_image\" \/>\n<script type=\"application\/ld+json\" class=\"yoast-schema-graph\">{\"@context\":\"https:\/\/schema.org\",\"@graph\":[{\"@type\":\"WebPage\",\"@id\":\"https:\/\/shop.matejev.si\/de\/produkt\/naturlich-gestorter-apfelessig-matejev-mit-aronia-und-granatapfel\/\",\"url\":\"https:\/\/shop.matejev.si\/de\/produkt\/naturlich-gestorter-apfelessig-matejev-mit-aronia-und-granatapfel\/\",\"name\":\"NAT\u00dcRLICH GEST\u00d6RTER APFELESSIG MATEJEV MIT ARONIA UND GRANATAPFEL - Matejev.si Shop\",\"isPartOf\":{\"@id\":\"https:\/\/shop.matejev.si\/de\/#website\"},\"primaryImageOfPage\":{\"@id\":\"https:\/\/shop.matejev.si\/de\/produkt\/naturlich-gestorter-apfelessig-matejev-mit-aronia-und-granatapfel\/#primaryimage\"},\"image\":{\"@id\":\"https:\/\/shop.matejev.si\/de\/produkt\/naturlich-gestorter-apfelessig-matejev-mit-aronia-und-granatapfel\/#primaryimage\"},\"thumbnailUrl\":\"https:\/\/shop.matejev.si\/wp-content\/uploads\/2022\/08\/exclusive-jabolcni-kis-z-granatnim-min.png\",\"datePublished\":\"2022-08-03T17:26:50+00:00\",\"breadcrumb\":{\"@id\":\"https:\/\/shop.matejev.si\/de\/produkt\/naturlich-gestorter-apfelessig-matejev-mit-aronia-und-granatapfel\/#breadcrumb\"},\"inLanguage\":\"de\",\"potentialAction\":[{\"@type\":\"ReadAction\",\"target\":[\"https:\/\/shop.matejev.si\/de\/produkt\/naturlich-gestorter-apfelessig-matejev-mit-aronia-und-granatapfel\/\"]}]},{\"@type\":\"ImageObject\",\"inLanguage\":\"de\",\"@id\":\"https:\/\/shop.matejev.si\/de\/produkt\/naturlich-gestorter-apfelessig-matejev-mit-aronia-und-granatapfel\/#primaryimage\",\"url\":\"https:\/\/shop.matejev.si\/wp-content\/uploads\/2022\/08\/exclusive-jabolcni-kis-z-granatnim-min.png\",\"contentUrl\":\"https:\/\/shop.matejev.si\/wp-content\/uploads\/2022\/08\/exclusive-jabolcni-kis-z-granatnim-min.png\",\"width\":960,\"height\":960},{\"@type\":\"BreadcrumbList\",\"@id\":\"https:\/\/shop.matejev.si\/de\/produkt\/naturlich-gestorter-apfelessig-matejev-mit-aronia-und-granatapfel\/#breadcrumb\",\"itemListElement\":[{\"@type\":\"ListItem\",\"position\":1,\"name\":\"Home\",\"item\":\"https:\/\/shop.matejev.si\/de\/startseite\/\"},{\"@type\":\"ListItem\",\"position\":2,\"name\":\"Gesch\u00e4ft\",\"item\":\"https:\/\/shop.matejev.si\/geschaeft\/\"},{\"@type\":\"ListItem\",\"position\":3,\"name\":\"NAT\u00dcRLICH GEST\u00d6RTER APFELESSIG MATEJEV MIT ARONIA UND GRANATAPFEL\"}]},{\"@type\":\"WebSite\",\"@id\":\"https:\/\/shop.matejev.si\/de\/#website\",\"url\":\"https:\/\/shop.matejev.si\/de\/\",\"name\":\"Matejev.si Shop\",\"description\":\"Kisi slovenske proizvodnje\",\"publisher\":{\"@id\":\"https:\/\/shop.matejev.si\/de\/#organization\"},\"potentialAction\":[{\"@type\":\"SearchAction\",\"target\":{\"@type\":\"EntryPoint\",\"urlTemplate\":\"https:\/\/shop.matejev.si\/de\/?s={search_term_string}\"},\"query-input\":{\"@type\":\"PropertyValueSpecification\",\"valueRequired\":true,\"valueName\":\"search_term_string\"}}],\"inLanguage\":\"de\"},{\"@type\":\"Organization\",\"@id\":\"https:\/\/shop.matejev.si\/de\/#organization\",\"name\":\"Matejev.si Shop\",\"url\":\"https:\/\/shop.matejev.si\/de\/\",\"logo\":{\"@type\":\"ImageObject\",\"inLanguage\":\"de\",\"@id\":\"https:\/\/shop.matejev.si\/de\/#\/schema\/logo\/image\/\",\"url\":\"https:\/\/shop.matejev.si\/wp-content\/uploads\/2022\/07\/logotip-MATEJEV1-1.png\",\"contentUrl\":\"https:\/\/shop.matejev.si\/wp-content\/uploads\/2022\/07\/logotip-MATEJEV1-1.png\",\"width\":192,\"height\":110,\"caption\":\"Matejev.si Shop\"},\"image\":{\"@id\":\"https:\/\/shop.matejev.si\/de\/#\/schema\/logo\/image\/\"}}]}<\/script>\n<!-- \/ Yoast SEO plugin. -->","yoast_head_json":{"title":"NAT\u00dcRLICH GEST\u00d6RTER APFELESSIG MATEJEV MIT ARONIA UND GRANATAPFEL - Matejev.si Shop","robots":{"index":"index","follow":"follow","max-snippet":"max-snippet:-1","max-image-preview":"max-image-preview:large","max-video-preview":"max-video-preview:-1"},"canonical":"https:\/\/shop.matejev.si\/de\/produkt\/naturlich-gestorter-apfelessig-matejev-mit-aronia-und-granatapfel\/","og_locale":"de_DE","og_type":"article","og_title":"NAT\u00dcRLICH GEST\u00d6RTER APFELESSIG MATEJEV MIT ARONIA UND GRANATAPFEL - Matejev.si Shop","og_description":"Matejevs naturtr\u00fcber Apfelessig mit Aronia und Granatapfel ist ein klassischer Fruchtessig, der nach traditionellen Methoden mit moderner Technologie hergestellt wird.","og_url":"https:\/\/shop.matejev.si\/de\/produkt\/naturlich-gestorter-apfelessig-matejev-mit-aronia-und-granatapfel\/","og_site_name":"Matejev.si Shop","og_image":[{"width":960,"height":960,"url":"https:\/\/shop.matejev.si\/wp-content\/uploads\/2022\/08\/exclusive-jabolcni-kis-z-granatnim-min.png","type":"image\/png"}],"twitter_card":"summary_large_image","schema":{"@context":"https:\/\/schema.org","@graph":[{"@type":"WebPage","@id":"https:\/\/shop.matejev.si\/de\/produkt\/naturlich-gestorter-apfelessig-matejev-mit-aronia-und-granatapfel\/","url":"https:\/\/shop.matejev.si\/de\/produkt\/naturlich-gestorter-apfelessig-matejev-mit-aronia-und-granatapfel\/","name":"NAT\u00dcRLICH GEST\u00d6RTER APFELESSIG MATEJEV MIT ARONIA UND GRANATAPFEL - Matejev.si Shop","isPartOf":{"@id":"https:\/\/shop.matejev.si\/de\/#website"},"primaryImageOfPage":{"@id":"https:\/\/shop.matejev.si\/de\/produkt\/naturlich-gestorter-apfelessig-matejev-mit-aronia-und-granatapfel\/#primaryimage"},"image":{"@id":"https:\/\/shop.matejev.si\/de\/produkt\/naturlich-gestorter-apfelessig-matejev-mit-aronia-und-granatapfel\/#primaryimage"},"thumbnailUrl":"https:\/\/shop.matejev.si\/wp-content\/uploads\/2022\/08\/exclusive-jabolcni-kis-z-granatnim-min.png","datePublished":"2022-08-03T17:26:50+00:00","breadcrumb":{"@id":"https:\/\/shop.matejev.si\/de\/produkt\/naturlich-gestorter-apfelessig-matejev-mit-aronia-und-granatapfel\/#breadcrumb"},"inLanguage":"de","potentialAction":[{"@type":"ReadAction","target":["https:\/\/shop.matejev.si\/de\/produkt\/naturlich-gestorter-apfelessig-matejev-mit-aronia-und-granatapfel\/"]}]},{"@type":"ImageObject","inLanguage":"de","@id":"https:\/\/shop.matejev.si\/de\/produkt\/naturlich-gestorter-apfelessig-matejev-mit-aronia-und-granatapfel\/#primaryimage","url":"https:\/\/shop.matejev.si\/wp-content\/uploads\/2022\/08\/exclusive-jabolcni-kis-z-granatnim-min.png","contentUrl":"https:\/\/shop.matejev.si\/wp-content\/uploads\/2022\/08\/exclusive-jabolcni-kis-z-granatnim-min.png","width":960,"height":960},{"@type":"BreadcrumbList","@id":"https:\/\/shop.matejev.si\/de\/produkt\/naturlich-gestorter-apfelessig-matejev-mit-aronia-und-granatapfel\/#breadcrumb","itemListElement":[{"@type":"ListItem","position":1,"name":"Home","item":"https:\/\/shop.matejev.si\/de\/startseite\/"},{"@type":"ListItem","position":2,"name":"Gesch\u00e4ft","item":"https:\/\/shop.matejev.si\/geschaeft\/"},{"@type":"ListItem","position":3,"name":"NAT\u00dcRLICH GEST\u00d6RTER APFELESSIG MATEJEV MIT ARONIA UND GRANATAPFEL"}]},{"@type":"WebSite","@id":"https:\/\/shop.matejev.si\/de\/#website","url":"https:\/\/shop.matejev.si\/de\/","name":"Matejev.si Shop","description":"Kisi slovenske proizvodnje","publisher":{"@id":"https:\/\/shop.matejev.si\/de\/#organization"},"potentialAction":[{"@type":"SearchAction","target":{"@type":"EntryPoint","urlTemplate":"https:\/\/shop.matejev.si\/de\/?s={search_term_string}"},"query-input":{"@type":"PropertyValueSpecification","valueRequired":true,"valueName":"search_term_string"}}],"inLanguage":"de"},{"@type":"Organization","@id":"https:\/\/shop.matejev.si\/de\/#organization","name":"Matejev.si Shop","url":"https:\/\/shop.matejev.si\/de\/","logo":{"@type":"ImageObject","inLanguage":"de","@id":"https:\/\/shop.matejev.si\/de\/#\/schema\/logo\/image\/","url":"https:\/\/shop.matejev.si\/wp-content\/uploads\/2022\/07\/logotip-MATEJEV1-1.png","contentUrl":"https:\/\/shop.matejev.si\/wp-content\/uploads\/2022\/07\/logotip-MATEJEV1-1.png","width":192,"height":110,"caption":"Matejev.si Shop"},"image":{"@id":"https:\/\/shop.matejev.si\/de\/#\/schema\/logo\/image\/"}}]}},"_links":{"self":[{"href":"https:\/\/shop.matejev.si\/de\/wp-json\/wp\/v2\/product\/473","targetHints":{"allow":["GET"]}}],"collection":[{"href":"https:\/\/shop.matejev.si\/de\/wp-json\/wp\/v2\/product"}],"about":[{"href":"https:\/\/shop.matejev.si\/de\/wp-json\/wp\/v2\/types\/product"}],"wp:featuredmedia":[{"embeddable":true,"href":"https:\/\/shop.matejev.si\/de\/wp-json\/wp\/v2\/media\/169"}],"wp:attachment":[{"href":"https:\/\/shop.matejev.si\/de\/wp-json\/wp\/v2\/media?parent=473"}],"wp:term":[{"taxonomy":"product_brand","embeddable":true,"href":"https:\/\/shop.matejev.si\/de\/wp-json\/wp\/v2\/product_brand?post=473"},{"taxonomy":"product_cat","embeddable":true,"href":"https:\/\/shop.matejev.si\/de\/wp-json\/wp\/v2\/product_cat?post=473"},{"taxonomy":"product_tag","embeddable":true,"href":"https:\/\/shop.matejev.si\/de\/wp-json\/wp\/v2\/product_tag?post=473"}],"curies":[{"name":"wp","href":"https:\/\/api.w.org\/{rel}","templated":true}]}}