{"id":477,"date":"2022-08-03T19:29:16","date_gmt":"2022-08-03T17:29:16","guid":{"rendered":"https:\/\/shop.matejev.si\/product\/balzameischer-essig-matejev\/"},"modified":"2022-08-03T19:29:16","modified_gmt":"2022-08-03T17:29:16","slug":"balzameischer-essig-matejev","status":"publish","type":"product","link":"https:\/\/shop.matejev.si\/de\/produkt\/balzameischer-essig-matejev\/","title":{"rendered":"BALZAMEISCHER ESSIG MATEJEV"},"content":{"rendered":"<p>Aufgrund seiner Einzigartigkeit ersetzte Matejevs Balsamico-Essig seine traditionelle Verwendung au\u00dferhalb der K\u00fcche als Heilmittel f\u00fcr kleinere Gesundheitsprobleme und wurde so f\u00fcr manche zu einer unverzichtbaren kulinarischen Erg\u00e4nzung.<\/p>\n<p>Matthew Balsamico-Essig kann als eigenst\u00e4ndiges Dressing f\u00fcr Salate verwendet werden und kann verwendet werden, um das Aroma und den Geschmack von Gerichten zu verbessern. Es passt gut zu Wild und ist unverzichtbar in Marinaden, die mit Fisch und Gefl\u00fcgel zubereitet werden. Es kann auch als Aperitif-Ersatz verwendet werden. Damit k\u00f6nnen wir den Geschmack verschiedener Fr\u00fcchte bereichern und in Kombination mit Vanilleeis verwenden.   <\/p>\n<p>ZUTATEN: Weinessig, Gruselmost, Farbstoff E 150 (d), Antioxidationsmittel: Kaliummetabisulfit, 6 % S\u00e4ure<\/p>\n","protected":false},"excerpt":{"rendered":"<p>Aufgrund seiner Einzigartigkeit ersetzte Matejevs Balsamico-Essig seine traditionelle Verwendung au\u00dferhalb der K\u00fcche als Heilmittel f\u00fcr kleinere Gesundheitsprobleme und wurde so f\u00fcr manche zu einer unverzichtbaren kulinarischen Erg\u00e4nzung.<\/p>\n","protected":false},"featured_media":179,"template":"","meta":[],"product_brand":[],"product_cat":[60],"product_tag":[],"class_list":{"0":"post-477","1":"product","2":"type-product","3":"status-publish","4":"has-post-thumbnail","6":"product_cat-pramie","8":"first","9":"outofstock","10":"taxable","11":"shipping-taxable","12":"purchasable","13":"product-type-simple"},"yoast_head":"<!-- This site is optimized with the Yoast SEO plugin v27.2 - https:\/\/yoast.com\/product\/yoast-seo-wordpress\/ -->\n<title>BALZAMEISCHER ESSIG MATEJEV - Matejev.si Shop<\/title>\n<meta name=\"robots\" content=\"index, follow, max-snippet:-1, max-image-preview:large, max-video-preview:-1\" \/>\n<link rel=\"canonical\" href=\"https:\/\/shop.matejev.si\/de\/produkt\/balzameischer-essig-matejev\/\" \/>\n<meta property=\"og:locale\" content=\"de_DE\" \/>\n<meta property=\"og:type\" content=\"article\" \/>\n<meta property=\"og:title\" content=\"BALZAMEISCHER ESSIG MATEJEV - Matejev.si Shop\" \/>\n<meta property=\"og:description\" content=\"Aufgrund seiner Einzigartigkeit ersetzte Matejevs Balsamico-Essig seine traditionelle Verwendung au\u00dferhalb der K\u00fcche als Heilmittel f\u00fcr kleinere Gesundheitsprobleme und wurde so f\u00fcr manche zu einer unverzichtbaren kulinarischen Erg\u00e4nzung.\" \/>\n<meta property=\"og:url\" content=\"https:\/\/shop.matejev.si\/de\/produkt\/balzameischer-essig-matejev\/\" \/>\n<meta property=\"og:site_name\" content=\"Matejev.si Shop\" \/>\n<meta property=\"og:image\" content=\"https:\/\/shop.matejev.si\/wp-content\/uploads\/2022\/08\/balzamicni-z-novo-steklenico-in-etiketo_2018-2-min.png\" \/>\n\t<meta property=\"og:image:width\" content=\"960\" \/>\n\t<meta property=\"og:image:height\" content=\"960\" \/>\n\t<meta property=\"og:image:type\" content=\"image\/png\" \/>\n<meta name=\"twitter:card\" content=\"summary_large_image\" \/>\n<meta name=\"twitter:label1\" content=\"Gesch\u00e4tzte Lesezeit\" \/>\n\t<meta name=\"twitter:data1\" content=\"1\u00a0Minute\" \/>\n<script type=\"application\/ld+json\" class=\"yoast-schema-graph\">{\"@context\":\"https:\/\/schema.org\",\"@graph\":[{\"@type\":\"WebPage\",\"@id\":\"https:\/\/shop.matejev.si\/de\/produkt\/balzameischer-essig-matejev\/\",\"url\":\"https:\/\/shop.matejev.si\/de\/produkt\/balzameischer-essig-matejev\/\",\"name\":\"BALZAMEISCHER ESSIG MATEJEV - Matejev.si Shop\",\"isPartOf\":{\"@id\":\"https:\/\/shop.matejev.si\/de\/#website\"},\"primaryImageOfPage\":{\"@id\":\"https:\/\/shop.matejev.si\/de\/produkt\/balzameischer-essig-matejev\/#primaryimage\"},\"image\":{\"@id\":\"https:\/\/shop.matejev.si\/de\/produkt\/balzameischer-essig-matejev\/#primaryimage\"},\"thumbnailUrl\":\"https:\/\/shop.matejev.si\/wp-content\/uploads\/2022\/08\/balzamicni-z-novo-steklenico-in-etiketo_2018-2-min.png\",\"datePublished\":\"2022-08-03T17:29:16+00:00\",\"breadcrumb\":{\"@id\":\"https:\/\/shop.matejev.si\/de\/produkt\/balzameischer-essig-matejev\/#breadcrumb\"},\"inLanguage\":\"de\",\"potentialAction\":[{\"@type\":\"ReadAction\",\"target\":[\"https:\/\/shop.matejev.si\/de\/produkt\/balzameischer-essig-matejev\/\"]}]},{\"@type\":\"ImageObject\",\"inLanguage\":\"de\",\"@id\":\"https:\/\/shop.matejev.si\/de\/produkt\/balzameischer-essig-matejev\/#primaryimage\",\"url\":\"https:\/\/shop.matejev.si\/wp-content\/uploads\/2022\/08\/balzamicni-z-novo-steklenico-in-etiketo_2018-2-min.png\",\"contentUrl\":\"https:\/\/shop.matejev.si\/wp-content\/uploads\/2022\/08\/balzamicni-z-novo-steklenico-in-etiketo_2018-2-min.png\",\"width\":960,\"height\":960},{\"@type\":\"BreadcrumbList\",\"@id\":\"https:\/\/shop.matejev.si\/de\/produkt\/balzameischer-essig-matejev\/#breadcrumb\",\"itemListElement\":[{\"@type\":\"ListItem\",\"position\":1,\"name\":\"Home\",\"item\":\"https:\/\/shop.matejev.si\/de\/startseite\/\"},{\"@type\":\"ListItem\",\"position\":2,\"name\":\"Gesch\u00e4ft\",\"item\":\"https:\/\/shop.matejev.si\/geschaeft\/\"},{\"@type\":\"ListItem\",\"position\":3,\"name\":\"BALZAMEISCHER ESSIG MATEJEV\"}]},{\"@type\":\"WebSite\",\"@id\":\"https:\/\/shop.matejev.si\/de\/#website\",\"url\":\"https:\/\/shop.matejev.si\/de\/\",\"name\":\"Matejev.si Shop\",\"description\":\"Kisi slovenske proizvodnje\",\"publisher\":{\"@id\":\"https:\/\/shop.matejev.si\/de\/#organization\"},\"potentialAction\":[{\"@type\":\"SearchAction\",\"target\":{\"@type\":\"EntryPoint\",\"urlTemplate\":\"https:\/\/shop.matejev.si\/de\/?s={search_term_string}\"},\"query-input\":{\"@type\":\"PropertyValueSpecification\",\"valueRequired\":true,\"valueName\":\"search_term_string\"}}],\"inLanguage\":\"de\"},{\"@type\":\"Organization\",\"@id\":\"https:\/\/shop.matejev.si\/de\/#organization\",\"name\":\"Matejev.si Shop\",\"url\":\"https:\/\/shop.matejev.si\/de\/\",\"logo\":{\"@type\":\"ImageObject\",\"inLanguage\":\"de\",\"@id\":\"https:\/\/shop.matejev.si\/de\/#\/schema\/logo\/image\/\",\"url\":\"https:\/\/shop.matejev.si\/wp-content\/uploads\/2022\/07\/logotip-MATEJEV1-1.png\",\"contentUrl\":\"https:\/\/shop.matejev.si\/wp-content\/uploads\/2022\/07\/logotip-MATEJEV1-1.png\",\"width\":192,\"height\":110,\"caption\":\"Matejev.si Shop\"},\"image\":{\"@id\":\"https:\/\/shop.matejev.si\/de\/#\/schema\/logo\/image\/\"}}]}<\/script>\n<!-- \/ Yoast SEO plugin. -->","yoast_head_json":{"title":"BALZAMEISCHER ESSIG MATEJEV - Matejev.si Shop","robots":{"index":"index","follow":"follow","max-snippet":"max-snippet:-1","max-image-preview":"max-image-preview:large","max-video-preview":"max-video-preview:-1"},"canonical":"https:\/\/shop.matejev.si\/de\/produkt\/balzameischer-essig-matejev\/","og_locale":"de_DE","og_type":"article","og_title":"BALZAMEISCHER ESSIG MATEJEV - Matejev.si Shop","og_description":"Aufgrund seiner Einzigartigkeit ersetzte Matejevs Balsamico-Essig seine traditionelle Verwendung au\u00dferhalb der K\u00fcche als Heilmittel f\u00fcr kleinere Gesundheitsprobleme und wurde so f\u00fcr manche zu einer unverzichtbaren kulinarischen Erg\u00e4nzung.","og_url":"https:\/\/shop.matejev.si\/de\/produkt\/balzameischer-essig-matejev\/","og_site_name":"Matejev.si Shop","og_image":[{"width":960,"height":960,"url":"https:\/\/shop.matejev.si\/wp-content\/uploads\/2022\/08\/balzamicni-z-novo-steklenico-in-etiketo_2018-2-min.png","type":"image\/png"}],"twitter_card":"summary_large_image","twitter_misc":{"Gesch\u00e4tzte Lesezeit":"1\u00a0Minute"},"schema":{"@context":"https:\/\/schema.org","@graph":[{"@type":"WebPage","@id":"https:\/\/shop.matejev.si\/de\/produkt\/balzameischer-essig-matejev\/","url":"https:\/\/shop.matejev.si\/de\/produkt\/balzameischer-essig-matejev\/","name":"BALZAMEISCHER ESSIG MATEJEV - Matejev.si Shop","isPartOf":{"@id":"https:\/\/shop.matejev.si\/de\/#website"},"primaryImageOfPage":{"@id":"https:\/\/shop.matejev.si\/de\/produkt\/balzameischer-essig-matejev\/#primaryimage"},"image":{"@id":"https:\/\/shop.matejev.si\/de\/produkt\/balzameischer-essig-matejev\/#primaryimage"},"thumbnailUrl":"https:\/\/shop.matejev.si\/wp-content\/uploads\/2022\/08\/balzamicni-z-novo-steklenico-in-etiketo_2018-2-min.png","datePublished":"2022-08-03T17:29:16+00:00","breadcrumb":{"@id":"https:\/\/shop.matejev.si\/de\/produkt\/balzameischer-essig-matejev\/#breadcrumb"},"inLanguage":"de","potentialAction":[{"@type":"ReadAction","target":["https:\/\/shop.matejev.si\/de\/produkt\/balzameischer-essig-matejev\/"]}]},{"@type":"ImageObject","inLanguage":"de","@id":"https:\/\/shop.matejev.si\/de\/produkt\/balzameischer-essig-matejev\/#primaryimage","url":"https:\/\/shop.matejev.si\/wp-content\/uploads\/2022\/08\/balzamicni-z-novo-steklenico-in-etiketo_2018-2-min.png","contentUrl":"https:\/\/shop.matejev.si\/wp-content\/uploads\/2022\/08\/balzamicni-z-novo-steklenico-in-etiketo_2018-2-min.png","width":960,"height":960},{"@type":"BreadcrumbList","@id":"https:\/\/shop.matejev.si\/de\/produkt\/balzameischer-essig-matejev\/#breadcrumb","itemListElement":[{"@type":"ListItem","position":1,"name":"Home","item":"https:\/\/shop.matejev.si\/de\/startseite\/"},{"@type":"ListItem","position":2,"name":"Gesch\u00e4ft","item":"https:\/\/shop.matejev.si\/geschaeft\/"},{"@type":"ListItem","position":3,"name":"BALZAMEISCHER ESSIG MATEJEV"}]},{"@type":"WebSite","@id":"https:\/\/shop.matejev.si\/de\/#website","url":"https:\/\/shop.matejev.si\/de\/","name":"Matejev.si Shop","description":"Kisi slovenske proizvodnje","publisher":{"@id":"https:\/\/shop.matejev.si\/de\/#organization"},"potentialAction":[{"@type":"SearchAction","target":{"@type":"EntryPoint","urlTemplate":"https:\/\/shop.matejev.si\/de\/?s={search_term_string}"},"query-input":{"@type":"PropertyValueSpecification","valueRequired":true,"valueName":"search_term_string"}}],"inLanguage":"de"},{"@type":"Organization","@id":"https:\/\/shop.matejev.si\/de\/#organization","name":"Matejev.si Shop","url":"https:\/\/shop.matejev.si\/de\/","logo":{"@type":"ImageObject","inLanguage":"de","@id":"https:\/\/shop.matejev.si\/de\/#\/schema\/logo\/image\/","url":"https:\/\/shop.matejev.si\/wp-content\/uploads\/2022\/07\/logotip-MATEJEV1-1.png","contentUrl":"https:\/\/shop.matejev.si\/wp-content\/uploads\/2022\/07\/logotip-MATEJEV1-1.png","width":192,"height":110,"caption":"Matejev.si Shop"},"image":{"@id":"https:\/\/shop.matejev.si\/de\/#\/schema\/logo\/image\/"}}]}},"_links":{"self":[{"href":"https:\/\/shop.matejev.si\/de\/wp-json\/wp\/v2\/product\/477","targetHints":{"allow":["GET"]}}],"collection":[{"href":"https:\/\/shop.matejev.si\/de\/wp-json\/wp\/v2\/product"}],"about":[{"href":"https:\/\/shop.matejev.si\/de\/wp-json\/wp\/v2\/types\/product"}],"wp:featuredmedia":[{"embeddable":true,"href":"https:\/\/shop.matejev.si\/de\/wp-json\/wp\/v2\/media\/179"}],"wp:attachment":[{"href":"https:\/\/shop.matejev.si\/de\/wp-json\/wp\/v2\/media?parent=477"}],"wp:term":[{"taxonomy":"product_brand","embeddable":true,"href":"https:\/\/shop.matejev.si\/de\/wp-json\/wp\/v2\/product_brand?post=477"},{"taxonomy":"product_cat","embeddable":true,"href":"https:\/\/shop.matejev.si\/de\/wp-json\/wp\/v2\/product_cat?post=477"},{"taxonomy":"product_tag","embeddable":true,"href":"https:\/\/shop.matejev.si\/de\/wp-json\/wp\/v2\/product_tag?post=477"}],"curies":[{"name":"wp","href":"https:\/\/api.w.org\/{rel}","templated":true}]}}