{"id":479,"date":"2022-08-03T19:31:05","date_gmt":"2022-08-03T17:31:05","guid":{"rendered":"https:\/\/shop.matejev.si\/product\/balzameischer-essig-matejev-mit-pflaumengeschmack\/"},"modified":"2022-08-03T19:31:05","modified_gmt":"2022-08-03T17:31:05","slug":"balzameischer-essig-matejev-mit-pflaumengeschmack","status":"publish","type":"product","link":"https:\/\/shop.matejev.si\/de\/produkt\/balzameischer-essig-matejev-mit-pflaumengeschmack\/","title":{"rendered":"BALZAMEISCHER ESSIG MATEJEV MIT PFLAUMENGESCHMACK"},"content":{"rendered":"<p>Matthew Balsamico-Essig mit Pflaumengeschmack wird in Eichenf\u00e4ssern gereift und eignet sich aufgrund seines spezifischen Geschmacks und Geruchs f\u00fcr die Verwendung in jedem Haushalt, da er beim Kochen hinzugef\u00fcgt werden kann, um das Aroma und den Geschmack von Gerichten zu verbessern, er wird auch als Stand verwendet &#8211; Alleindressing f\u00fcr Salate oder in Kombination mit verschiedenen \u00d6len.<\/p>\n<p>Aufgrund seiner Einzigartigkeit passt der Balsamico-Essig Matej mit Pflaumengeschmack gut zu allen Arten von Fleisch, Meeresfr\u00fcchten und Gem\u00fcsegerichten, und aufgrund seiner S\u00fc\u00dfe passt er auch gut zu Obst und S\u00fc\u00dfigkeiten.<\/p>\n<p>ZUTATEN: Weinessig, Traubenmost, nat\u00fcrliches Pflaumenaroma, Farbstoff E150, Antioxidationsmittel E220, 6% S\u00e4ure<\/p>\n","protected":false},"excerpt":{"rendered":"<p>Matthew Balsamico-Essig mit Pflaumengeschmack wird in Eichenf\u00e4ssern gereift und eignet sich aufgrund seines spezifischen Geschmacks und Geruchs f\u00fcr die Verwendung in jedem Haushalt.<\/p>\n","protected":false},"featured_media":258,"template":"","meta":[],"product_brand":[],"product_cat":[60],"product_tag":[],"class_list":{"0":"post-479","1":"product","2":"type-product","3":"status-publish","4":"has-post-thumbnail","6":"product_cat-pramie","8":"first","9":"outofstock","10":"taxable","11":"shipping-taxable","12":"product-type-simple"},"yoast_head":"<!-- This site is optimized with the Yoast SEO plugin v27.2 - https:\/\/yoast.com\/product\/yoast-seo-wordpress\/ -->\n<title>BALZAMEISCHER ESSIG MATEJEV MIT PFLAUMENGESCHMACK - Matejev.si Shop<\/title>\n<meta name=\"robots\" content=\"index, follow, max-snippet:-1, max-image-preview:large, max-video-preview:-1\" \/>\n<link rel=\"canonical\" href=\"https:\/\/shop.matejev.si\/de\/produkt\/balzameischer-essig-matejev-mit-pflaumengeschmack\/\" \/>\n<meta property=\"og:locale\" content=\"de_DE\" \/>\n<meta property=\"og:type\" content=\"article\" \/>\n<meta property=\"og:title\" content=\"BALZAMEISCHER ESSIG MATEJEV MIT PFLAUMENGESCHMACK - Matejev.si Shop\" \/>\n<meta property=\"og:description\" content=\"Matthew Balsamico-Essig mit Pflaumengeschmack wird in Eichenf\u00e4ssern gereift und eignet sich aufgrund seines spezifischen Geschmacks und Geruchs f\u00fcr die Verwendung in jedem Haushalt.\" \/>\n<meta property=\"og:url\" content=\"https:\/\/shop.matejev.si\/de\/produkt\/balzameischer-essig-matejev-mit-pflaumengeschmack\/\" \/>\n<meta property=\"og:site_name\" content=\"Matejev.si Shop\" \/>\n<meta property=\"og:image\" content=\"https:\/\/shop.matejev.si\/wp-content\/uploads\/2022\/08\/balzamicni_matejev-2-removebg-preview.png\" \/>\n\t<meta property=\"og:image:width\" content=\"500\" \/>\n\t<meta property=\"og:image:height\" content=\"500\" \/>\n\t<meta property=\"og:image:type\" content=\"image\/png\" \/>\n<meta name=\"twitter:card\" content=\"summary_large_image\" \/>\n<meta name=\"twitter:label1\" content=\"Gesch\u00e4tzte Lesezeit\" \/>\n\t<meta name=\"twitter:data1\" content=\"1\u00a0Minute\" \/>\n<script type=\"application\/ld+json\" class=\"yoast-schema-graph\">{\"@context\":\"https:\/\/schema.org\",\"@graph\":[{\"@type\":\"WebPage\",\"@id\":\"https:\/\/shop.matejev.si\/de\/produkt\/balzameischer-essig-matejev-mit-pflaumengeschmack\/\",\"url\":\"https:\/\/shop.matejev.si\/de\/produkt\/balzameischer-essig-matejev-mit-pflaumengeschmack\/\",\"name\":\"BALZAMEISCHER ESSIG MATEJEV MIT PFLAUMENGESCHMACK - Matejev.si Shop\",\"isPartOf\":{\"@id\":\"https:\/\/shop.matejev.si\/de\/#website\"},\"primaryImageOfPage\":{\"@id\":\"https:\/\/shop.matejev.si\/de\/produkt\/balzameischer-essig-matejev-mit-pflaumengeschmack\/#primaryimage\"},\"image\":{\"@id\":\"https:\/\/shop.matejev.si\/de\/produkt\/balzameischer-essig-matejev-mit-pflaumengeschmack\/#primaryimage\"},\"thumbnailUrl\":\"https:\/\/shop.matejev.si\/wp-content\/uploads\/2022\/08\/balzamicni_matejev-2-removebg-preview.png\",\"datePublished\":\"2022-08-03T17:31:05+00:00\",\"breadcrumb\":{\"@id\":\"https:\/\/shop.matejev.si\/de\/produkt\/balzameischer-essig-matejev-mit-pflaumengeschmack\/#breadcrumb\"},\"inLanguage\":\"de\",\"potentialAction\":[{\"@type\":\"ReadAction\",\"target\":[\"https:\/\/shop.matejev.si\/de\/produkt\/balzameischer-essig-matejev-mit-pflaumengeschmack\/\"]}]},{\"@type\":\"ImageObject\",\"inLanguage\":\"de\",\"@id\":\"https:\/\/shop.matejev.si\/de\/produkt\/balzameischer-essig-matejev-mit-pflaumengeschmack\/#primaryimage\",\"url\":\"https:\/\/shop.matejev.si\/wp-content\/uploads\/2022\/08\/balzamicni_matejev-2-removebg-preview.png\",\"contentUrl\":\"https:\/\/shop.matejev.si\/wp-content\/uploads\/2022\/08\/balzamicni_matejev-2-removebg-preview.png\",\"width\":500,\"height\":500},{\"@type\":\"BreadcrumbList\",\"@id\":\"https:\/\/shop.matejev.si\/de\/produkt\/balzameischer-essig-matejev-mit-pflaumengeschmack\/#breadcrumb\",\"itemListElement\":[{\"@type\":\"ListItem\",\"position\":1,\"name\":\"Home\",\"item\":\"https:\/\/shop.matejev.si\/de\/startseite\/\"},{\"@type\":\"ListItem\",\"position\":2,\"name\":\"Gesch\u00e4ft\",\"item\":\"https:\/\/shop.matejev.si\/geschaeft\/\"},{\"@type\":\"ListItem\",\"position\":3,\"name\":\"BALZAMEISCHER ESSIG MATEJEV MIT PFLAUMENGESCHMACK\"}]},{\"@type\":\"WebSite\",\"@id\":\"https:\/\/shop.matejev.si\/de\/#website\",\"url\":\"https:\/\/shop.matejev.si\/de\/\",\"name\":\"Matejev.si Shop\",\"description\":\"Kisi slovenske proizvodnje\",\"publisher\":{\"@id\":\"https:\/\/shop.matejev.si\/de\/#organization\"},\"potentialAction\":[{\"@type\":\"SearchAction\",\"target\":{\"@type\":\"EntryPoint\",\"urlTemplate\":\"https:\/\/shop.matejev.si\/de\/?s={search_term_string}\"},\"query-input\":{\"@type\":\"PropertyValueSpecification\",\"valueRequired\":true,\"valueName\":\"search_term_string\"}}],\"inLanguage\":\"de\"},{\"@type\":\"Organization\",\"@id\":\"https:\/\/shop.matejev.si\/de\/#organization\",\"name\":\"Matejev.si Shop\",\"url\":\"https:\/\/shop.matejev.si\/de\/\",\"logo\":{\"@type\":\"ImageObject\",\"inLanguage\":\"de\",\"@id\":\"https:\/\/shop.matejev.si\/de\/#\/schema\/logo\/image\/\",\"url\":\"https:\/\/shop.matejev.si\/wp-content\/uploads\/2022\/07\/logotip-MATEJEV1-1.png\",\"contentUrl\":\"https:\/\/shop.matejev.si\/wp-content\/uploads\/2022\/07\/logotip-MATEJEV1-1.png\",\"width\":192,\"height\":110,\"caption\":\"Matejev.si Shop\"},\"image\":{\"@id\":\"https:\/\/shop.matejev.si\/de\/#\/schema\/logo\/image\/\"}}]}<\/script>\n<!-- \/ Yoast SEO plugin. -->","yoast_head_json":{"title":"BALZAMEISCHER ESSIG MATEJEV MIT PFLAUMENGESCHMACK - Matejev.si Shop","robots":{"index":"index","follow":"follow","max-snippet":"max-snippet:-1","max-image-preview":"max-image-preview:large","max-video-preview":"max-video-preview:-1"},"canonical":"https:\/\/shop.matejev.si\/de\/produkt\/balzameischer-essig-matejev-mit-pflaumengeschmack\/","og_locale":"de_DE","og_type":"article","og_title":"BALZAMEISCHER ESSIG MATEJEV MIT PFLAUMENGESCHMACK - Matejev.si Shop","og_description":"Matthew Balsamico-Essig mit Pflaumengeschmack wird in Eichenf\u00e4ssern gereift und eignet sich aufgrund seines spezifischen Geschmacks und Geruchs f\u00fcr die Verwendung in jedem Haushalt.","og_url":"https:\/\/shop.matejev.si\/de\/produkt\/balzameischer-essig-matejev-mit-pflaumengeschmack\/","og_site_name":"Matejev.si Shop","og_image":[{"width":500,"height":500,"url":"https:\/\/shop.matejev.si\/wp-content\/uploads\/2022\/08\/balzamicni_matejev-2-removebg-preview.png","type":"image\/png"}],"twitter_card":"summary_large_image","twitter_misc":{"Gesch\u00e4tzte Lesezeit":"1\u00a0Minute"},"schema":{"@context":"https:\/\/schema.org","@graph":[{"@type":"WebPage","@id":"https:\/\/shop.matejev.si\/de\/produkt\/balzameischer-essig-matejev-mit-pflaumengeschmack\/","url":"https:\/\/shop.matejev.si\/de\/produkt\/balzameischer-essig-matejev-mit-pflaumengeschmack\/","name":"BALZAMEISCHER ESSIG MATEJEV MIT PFLAUMENGESCHMACK - Matejev.si Shop","isPartOf":{"@id":"https:\/\/shop.matejev.si\/de\/#website"},"primaryImageOfPage":{"@id":"https:\/\/shop.matejev.si\/de\/produkt\/balzameischer-essig-matejev-mit-pflaumengeschmack\/#primaryimage"},"image":{"@id":"https:\/\/shop.matejev.si\/de\/produkt\/balzameischer-essig-matejev-mit-pflaumengeschmack\/#primaryimage"},"thumbnailUrl":"https:\/\/shop.matejev.si\/wp-content\/uploads\/2022\/08\/balzamicni_matejev-2-removebg-preview.png","datePublished":"2022-08-03T17:31:05+00:00","breadcrumb":{"@id":"https:\/\/shop.matejev.si\/de\/produkt\/balzameischer-essig-matejev-mit-pflaumengeschmack\/#breadcrumb"},"inLanguage":"de","potentialAction":[{"@type":"ReadAction","target":["https:\/\/shop.matejev.si\/de\/produkt\/balzameischer-essig-matejev-mit-pflaumengeschmack\/"]}]},{"@type":"ImageObject","inLanguage":"de","@id":"https:\/\/shop.matejev.si\/de\/produkt\/balzameischer-essig-matejev-mit-pflaumengeschmack\/#primaryimage","url":"https:\/\/shop.matejev.si\/wp-content\/uploads\/2022\/08\/balzamicni_matejev-2-removebg-preview.png","contentUrl":"https:\/\/shop.matejev.si\/wp-content\/uploads\/2022\/08\/balzamicni_matejev-2-removebg-preview.png","width":500,"height":500},{"@type":"BreadcrumbList","@id":"https:\/\/shop.matejev.si\/de\/produkt\/balzameischer-essig-matejev-mit-pflaumengeschmack\/#breadcrumb","itemListElement":[{"@type":"ListItem","position":1,"name":"Home","item":"https:\/\/shop.matejev.si\/de\/startseite\/"},{"@type":"ListItem","position":2,"name":"Gesch\u00e4ft","item":"https:\/\/shop.matejev.si\/geschaeft\/"},{"@type":"ListItem","position":3,"name":"BALZAMEISCHER ESSIG MATEJEV MIT PFLAUMENGESCHMACK"}]},{"@type":"WebSite","@id":"https:\/\/shop.matejev.si\/de\/#website","url":"https:\/\/shop.matejev.si\/de\/","name":"Matejev.si Shop","description":"Kisi slovenske proizvodnje","publisher":{"@id":"https:\/\/shop.matejev.si\/de\/#organization"},"potentialAction":[{"@type":"SearchAction","target":{"@type":"EntryPoint","urlTemplate":"https:\/\/shop.matejev.si\/de\/?s={search_term_string}"},"query-input":{"@type":"PropertyValueSpecification","valueRequired":true,"valueName":"search_term_string"}}],"inLanguage":"de"},{"@type":"Organization","@id":"https:\/\/shop.matejev.si\/de\/#organization","name":"Matejev.si Shop","url":"https:\/\/shop.matejev.si\/de\/","logo":{"@type":"ImageObject","inLanguage":"de","@id":"https:\/\/shop.matejev.si\/de\/#\/schema\/logo\/image\/","url":"https:\/\/shop.matejev.si\/wp-content\/uploads\/2022\/07\/logotip-MATEJEV1-1.png","contentUrl":"https:\/\/shop.matejev.si\/wp-content\/uploads\/2022\/07\/logotip-MATEJEV1-1.png","width":192,"height":110,"caption":"Matejev.si Shop"},"image":{"@id":"https:\/\/shop.matejev.si\/de\/#\/schema\/logo\/image\/"}}]}},"_links":{"self":[{"href":"https:\/\/shop.matejev.si\/de\/wp-json\/wp\/v2\/product\/479","targetHints":{"allow":["GET"]}}],"collection":[{"href":"https:\/\/shop.matejev.si\/de\/wp-json\/wp\/v2\/product"}],"about":[{"href":"https:\/\/shop.matejev.si\/de\/wp-json\/wp\/v2\/types\/product"}],"wp:featuredmedia":[{"embeddable":true,"href":"https:\/\/shop.matejev.si\/de\/wp-json\/wp\/v2\/media\/258"}],"wp:attachment":[{"href":"https:\/\/shop.matejev.si\/de\/wp-json\/wp\/v2\/media?parent=479"}],"wp:term":[{"taxonomy":"product_brand","embeddable":true,"href":"https:\/\/shop.matejev.si\/de\/wp-json\/wp\/v2\/product_brand?post=479"},{"taxonomy":"product_cat","embeddable":true,"href":"https:\/\/shop.matejev.si\/de\/wp-json\/wp\/v2\/product_cat?post=479"},{"taxonomy":"product_tag","embeddable":true,"href":"https:\/\/shop.matejev.si\/de\/wp-json\/wp\/v2\/product_tag?post=479"}],"curies":[{"name":"wp","href":"https:\/\/api.w.org\/{rel}","templated":true}]}}